{"id":853,"date":"2018-02-19T08:23:05","date_gmt":"2018-02-19T06:23:05","guid":{"rendered":"https:\/\/www.pranamyogaescola.com\/?page_id=853"},"modified":"2025-01-09T13:40:44","modified_gmt":"2025-01-09T11:40:44","slug":"inicio","status":"publish","type":"page","link":"https:\/\/www.pranamyogaescola.com\/es\/","title":{"rendered":"Inicio"},"content":{"rendered":"<div class=\"wpb-content-wrapper\"><p>[vc_row css_animation=\u00bb\u00bb row_type=\u00bbrow\u00bb use_row_as_full_screen_section=\u00bbno\u00bb type=\u00bbfull_width\u00bb angled_section=\u00bbno\u00bb text_align=\u00bbcenter\u00bb background_image_as_pattern=\u00bbwithout_pattern\u00bb z_index=\u00bb\u00bb background_image=\u00bb586&#8243; background_color=\u00bb#000000&#8243; css=\u00bb.vc_custom_1732782981968{background-image: url(https:\/\/www.pranamyogaescola.com\/wp-content\/uploads\/2024\/11\/pranam-yoga-escola-inici-01.jpg?id=847) !important;}\u00bb][vc_column offset=\u00bbvc_hidden-xs\u00bb][vc_empty_space height=\u00bb250&#8243;]<div class=\"custom_font_holder \" style=\"font-family: Song Myung; font-style: normal; font-weight: 400; color: #FFFFFF; text-decoration: none; text-align: center; --qode-cf-font-size: 200px; --qode-cf-line-height: 200px; --qode-cf-font-size-1440: 200px; --qode-cf-line-height-1440: 200px; --qode-cf-font-size-1366: 200px; --qode-cf-line-height-1366: 200px; --qode-cf-font-size-1280: 200px; --qode-cf-line-height-1280: 200px; --qode-cf-font-size-1024: 200px; --qode-cf-line-height-1024: 200px; --qode-cf-font-size-768: 200px; --qode-cf-line-height-768: 200px; --qode-cf-font-size-680: 200px; --qode-cf-line-height-680: 200px; --qode-cf-font-size-480: 200px; --qode-cf-line-height-480: 200px;\">Pranam<\/div><div class=\"custom_font_holder \" style=\"font-family: Roboto; font-style: normal; font-weight: 300; color: #FFFFFF; text-decoration: none; letter-spacing: 10px; text-align: center; --qode-cf-font-size: 48px; --qode-cf-line-height: 48px; --qode-cf-font-size-1440: 48px; --qode-cf-line-height-1440: 48px; --qode-cf-font-size-1366: 48px; --qode-cf-line-height-1366: 48px; --qode-cf-font-size-1280: 48px; --qode-cf-line-height-1280: 48px; --qode-cf-font-size-1024: 48px; --qode-cf-line-height-1024: 48px; --qode-cf-font-size-768: 48px; --qode-cf-line-height-768: 48px; --qode-cf-font-size-680: 48px; --qode-cf-line-height-680: 48px; --qode-cf-font-size-480: 48px; --qode-cf-line-height-480: 48px;\">ESCUELA DE YOGA<\/div>[vc_empty_space height=\u00bb50&#8243;]<a  itemprop=\"url\" href=\"\/es\/cursos-talleres-y-retiros\/\" target=\"_self\"  class=\"qbutton  default\" style=\"\">Nuestros cursos<\/a>[vc_empty_space height=\u00bb250&#8243;][\/vc_column][\/vc_row][vc_row css_animation=\u00bb\u00bb row_type=\u00bbrow\u00bb use_row_as_full_screen_section=\u00bbno\u00bb type=\u00bbfull_width\u00bb angled_section=\u00bbno\u00bb text_align=\u00bbcenter\u00bb background_image_as_pattern=\u00bbwithout_pattern\u00bb z_index=\u00bb\u00bb background_image=\u00bb586&#8243; background_color=\u00bb#000000&#8243; css=\u00bb.vc_custom_1732783008724{background-image: url(https:\/\/www.pranamyogaescola.com\/wp-content\/uploads\/2024\/11\/pranam-yoga-escola-inici-01.jpg?id=847) !important;}\u00bb][vc_column offset=\u00bbvc_hidden-lg vc_hidden-md vc_hidden-sm\u00bb][vc_empty_space height=\u00bb100&#8243;]<div class=\"custom_font_holder \" style=\"font-family: Song Myung; font-style: normal; font-weight: 400; color: #FFFFFF; text-decoration: none; text-align: center; --qode-cf-font-size: 60px; --qode-cf-line-height: 60px; --qode-cf-font-size-1440: 60px; --qode-cf-line-height-1440: 60px; --qode-cf-font-size-1366: 60px; --qode-cf-line-height-1366: 60px; --qode-cf-font-size-1280: 60px; --qode-cf-line-height-1280: 60px; --qode-cf-font-size-1024: 60px; --qode-cf-line-height-1024: 60px; --qode-cf-font-size-768: 60px; --qode-cf-line-height-768: 60px; --qode-cf-font-size-680: 60px; --qode-cf-line-height-680: 60px; --qode-cf-font-size-480: 60px; --qode-cf-line-height-480: 60px;\">Pranam<\/div><div class=\"custom_font_holder \" style=\"font-family: Roboto; font-style: normal; font-weight: 300; color: #FFFFFF; text-decoration: none; letter-spacing: 10px; text-align: center; --qode-cf-font-size: 24px; --qode-cf-line-height: 24px; --qode-cf-font-size-1440: 24px; --qode-cf-line-height-1440: 24px; --qode-cf-font-size-1366: 24px; --qode-cf-line-height-1366: 24px; --qode-cf-font-size-1280: 24px; --qode-cf-line-height-1280: 24px; --qode-cf-font-size-1024: 24px; --qode-cf-line-height-1024: 24px; --qode-cf-font-size-768: 24px; --qode-cf-line-height-768: 24px; --qode-cf-font-size-680: 24px; --qode-cf-line-height-680: 24px; --qode-cf-font-size-480: 24px; --qode-cf-line-height-480: 24px;\">ESCUELA DE YOGA<\/div>[vc_empty_space height=\u00bb25&#8243;]<a  itemprop=\"url\" href=\"\/es\/cursos-talleres-y-retiros\/\" target=\"_self\"  class=\"qbutton  default\" style=\"\">Nuestros cursos<\/a>[vc_empty_space height=\u00bb100&#8243;][\/vc_column][\/vc_row][vc_row css_animation=\u00bb\u00bb row_type=\u00bbrow\u00bb use_row_as_full_screen_section=\u00bbno\u00bb type=\u00bbgrid\u00bb angled_section=\u00bbno\u00bb text_align=\u00bbleft\u00bb background_image_as_pattern=\u00bbwithout_pattern\u00bb padding_top=\u00bb50&#8243; padding_bottom=\u00bb0&#8243; z_index=\u00bb\u00bb anchor=\u00bbinici\u00bb][vc_column width=\u00bb1\/3&#8243;]<div class=\"custom_font_holder \" style=\"font-family: Roboto; font-style: normal; font-weight: 600; color: #821A19; text-decoration: none; text-align: left; --qode-cf-font-size: 20px; --qode-cf-line-height: 30px; --qode-cf-font-size-1440: 20px; --qode-cf-line-height-1440: 30px; --qode-cf-font-size-1366: 20px; --qode-cf-line-height-1366: 30px; --qode-cf-font-size-1280: 20px; --qode-cf-line-height-1280: 30px; --qode-cf-font-size-1024: 20px; --qode-cf-line-height-1024: 30px; --qode-cf-font-size-768: 20px; --qode-cf-line-height-768: 30px; --qode-cf-font-size-680: 20px; --qode-cf-line-height-680: 30px; --qode-cf-font-size-480: 20px; --qode-cf-line-height-480: 30px;\">ESCUELA DE YOGA PRANAM<\/div>[vc_empty_space height=\u00bb12px\u00bb][vc_column_text css=\u00bb\u00bb]<\/p>\n<h1>Pr\u00e1ctica de Yoga tradicional que vuelve al equilibrio interior<\/h1>\n<p>[\/vc_column_text][vc_empty_space height=\u00bb25&#8243;][vc_column_text css=\u00bb\u00bb]Ac\u00e9rcate a la felicidad aut\u00e9ntica a trav\u00e9s del Yoga, un viaje de autoconocimiento que te conecta con tu ser interior y te gu\u00eda hacia una vida m\u00e1s calmada, consciente y equilibrada.[\/vc_column_text][vc_empty_space height=\u00bb25&#8243;]<a  itemprop=\"url\" href=\"\/es\/cursos-talleres-y-retiros\/\" target=\"_self\"  class=\"qbutton  default\" style=\"\">Explora nuestros cursos<\/a>[vc_empty_space height=\u00bb75&#8243;][\/vc_column][vc_column width=\u00bb2\/3&#8243;][vc_row_inner row_type=\u00bbrow\u00bb type=\u00bbfull_width\u00bb text_align=\u00bbcenter\u00bb css_animation=\u00bb\u00bb][vc_column_inner offset=\u00bbvc_col-md-4&#8243;][vc_single_image image=\u00bb312&#8243; img_size=\u00bbfull\u00bb alignment=\u00bbcenter\u00bb css=\u00bb\u00bb qode_css_animation=\u00bb\u00bb][vc_empty_space height=\u00bb35&#8243;][vc_column_text css=\u00bb\u00bb]<\/p>\n<h2>El proyecto<\/h2>\n<p>[\/vc_column_text][vc_empty_space height=\u00bb25&#8243;][vc_column_text css=\u00bb.vc_custom_1733333271450{padding-right: 5% !important;padding-left: 5% !important;}\u00bb]<\/p>\n<p style=\"text-align: center;\">La Escuela de Yoga Pranam difunde el Yoga tradicional para promover bienestar f\u00edsico y mental, ofreciendo t\u00e9cnicas para una vida equilibrada y consciente. Con ra\u00edces en la filosof\u00eda india, el proyecto inspira a descubrir una felicidad aut\u00e9ntica desde el interior, acompa\u00f1ando a cada persona en su camino de autoconocimiento.<\/p>\n<p>[\/vc_column_text][vc_empty_space height=\u00bb25&#8243;]<a  itemprop=\"url\" href=\"\/es\/el-proyecto\/\" target=\"_self\"  class=\"qbutton  default\" style=\"\">M\u00e1s informaci\u00f3n<\/a>[vc_empty_space height=\u00bb75&#8243;][\/vc_column_inner][vc_column_inner offset=\u00bbvc_col-md-4&#8243;][vc_single_image image=\u00bb315&#8243; img_size=\u00bbfull\u00bb alignment=\u00bbcenter\u00bb css=\u00bb\u00bb qode_css_animation=\u00bb\u00bb][vc_empty_space height=\u00bb35&#8243;][vc_column_text css=\u00bb\u00bb]<\/p>\n<h2>Cursos y m\u00e1s<\/h2>\n<p>[\/vc_column_text][vc_empty_space height=\u00bb25&#8243;][vc_column_text css=\u00bb.vc_custom_1733333296716{padding-right: 5% !important;padding-left: 5% !important;}\u00bb]<\/p>\n<p style=\"text-align: center;\">Pranam ofrece cursos, formaciones, talleres, clases y retiros de Yoga para profundizar en la filosof\u00eda y pr\u00e1ctica del Yoga. Las formaciones son reconocidas acad\u00e9micamente, y los retiros y talleres proporcionan experiencias profundas en plena naturaleza.<\/p>\n<p>[\/vc_column_text][vc_empty_space height=\u00bb25&#8243;]<a  itemprop=\"url\" href=\"\/es\/cursos-talleres-y-retiros\/\" target=\"_self\"  class=\"qbutton  default\" style=\"\">Ver opciones<\/a>[vc_empty_space height=\u00bb75&#8243;][\/vc_column_inner][vc_column_inner offset=\u00bbvc_col-md-4&#8243;][vc_single_image image=\u00bb317&#8243; img_size=\u00bbfull\u00bb alignment=\u00bbcenter\u00bb css=\u00bb\u00bb qode_css_animation=\u00bb\u00bb][vc_empty_space height=\u00bb35&#8243;][vc_column_text css=\u00bb\u00bb]<\/p>\n<h2>Tienda online<\/h2>\n<p>[\/vc_column_text][vc_empty_space height=\u00bb25&#8243;][vc_column_text css=\u00bb.vc_custom_1730218934798{padding-right: 5% !important;padding-left: 5% !important;}\u00bb]Oferim cursos de Yoga que podr\u00e0s adquirir a la nostra botiga online. Aquests cursos permeten aprofundir en la filosofia, t\u00e8cniques i pr\u00e0ctica del Yoga de manera accessible. Ideals tant per iniciar-se com per avan\u00e7ar, estan pensats per oferir una experi\u00e8ncia transformadora a cada pas del cam\u00ed.[\/vc_column_text][vc_empty_space height=\u00bb25&#8243;]<a  itemprop=\"url\" href=\"\/es\/tienda\/\" target=\"_self\"  class=\"qbutton  default\" style=\"\">Ir a la tienda<\/a>[vc_empty_space height=\u00bb75&#8243;][\/vc_column_inner][\/vc_row_inner][\/vc_column][\/vc_row]<\/p>\n<\/div>","protected":false},"excerpt":{"rendered":"<p>[vc_row css_animation=\u00bb\u00bb row_type=\u00bbrow\u00bb use_row_as_full_screen_section=\u00bbno\u00bb type=\u00bbfull_width\u00bb angled_section=\u00bbno\u00bb text_align=\u00bbcenter\u00bb background_image_as_pattern=\u00bbwithout_pattern\u00bb z_index=\u00bb\u00bb background_image=\u00bb586&#8243; background_color=\u00bb#000000&#8243; css=\u00bb.vc_custom_1732782981968{background-image: url(https:\/\/www.pranamyogaescola.com\/wp-content\/uploads\/2024\/11\/pranam-yoga-escola-inici-01.jpg?id=847) !important;}\u00bb][vc_column offset=\u00bbvc_hidden-xs\u00bb][vc_empty_space height=\u00bb250&#8243;][vc_empty_space height=\u00bb50&#8243;][vc_empty_space height=\u00bb250&#8243;][\/vc_column][\/vc_row][vc_row css_animation=\u00bb\u00bb row_type=\u00bbrow\u00bb use_row_as_full_screen_section=\u00bbno\u00bb type=\u00bbfull_width\u00bb angled_section=\u00bbno\u00bb text_align=\u00bbcenter\u00bb background_image_as_pattern=\u00bbwithout_pattern\u00bb z_index=\u00bb\u00bb background_image=\u00bb586&#8243; background_color=\u00bb#000000&#8243; css=\u00bb.vc_custom_1732783008724{background-image: url(https:\/\/www.pranamyogaescola.com\/wp-content\/uploads\/2024\/11\/pranam-yoga-escola-inici-01.jpg?id=847) !important;}\u00bb][vc_column offset=\u00bbvc_hidden-lg vc_hidden-md vc_hidden-sm\u00bb][vc_empty_space height=\u00bb100&#8243;][vc_empty_space height=\u00bb25&#8243;][vc_empty_space height=\u00bb100&#8243;][\/vc_column][\/vc_row][vc_row css_animation=\u00bb\u00bb row_type=\u00bbrow\u00bb use_row_as_full_screen_section=\u00bbno\u00bb type=\u00bbgrid\u00bb angled_section=\u00bbno\u00bb text_align=\u00bbleft\u00bb background_image_as_pattern=\u00bbwithout_pattern\u00bb padding_top=\u00bb50&#8243;&hellip; <a class=\"continue\" href=\"https:\/\/www.pranamyogaescola.com\/es\/\">CONTINUAR >><span> Inicio<\/span><\/a><\/p>\n","protected":false},"author":1,"featured_media":0,"parent":0,"menu_order":0,"comment_status":"closed","ping_status":"closed","template":"full_width.php","meta":{"footnotes":""},"class_list":["post-853","page","type-page","status-publish","hentry"],"_links":{"self":[{"href":"https:\/\/www.pranamyogaescola.com\/es\/wp-json\/wp\/v2\/pages\/853","targetHints":{"allow":["GET"]}}],"collection":[{"href":"https:\/\/www.pranamyogaescola.com\/es\/wp-json\/wp\/v2\/pages"}],"about":[{"href":"https:\/\/www.pranamyogaescola.com\/es\/wp-json\/wp\/v2\/types\/page"}],"author":[{"embeddable":true,"href":"https:\/\/www.pranamyogaescola.com\/es\/wp-json\/wp\/v2\/users\/1"}],"replies":[{"embeddable":true,"href":"https:\/\/www.pranamyogaescola.com\/es\/wp-json\/wp\/v2\/comments?post=853"}],"version-history":[{"count":2,"href":"https:\/\/www.pranamyogaescola.com\/es\/wp-json\/wp\/v2\/pages\/853\/revisions"}],"predecessor-version":[{"id":925,"href":"https:\/\/www.pranamyogaescola.com\/es\/wp-json\/wp\/v2\/pages\/853\/revisions\/925"}],"wp:attachment":[{"href":"https:\/\/www.pranamyogaescola.com\/es\/wp-json\/wp\/v2\/media?parent=853"}],"curies":[{"name":"wp","href":"https:\/\/api.w.org\/{rel}","templated":true}]}}