{"id":856,"date":"2024-11-06T20:37:28","date_gmt":"2024-11-06T18:37:28","guid":{"rendered":"https:\/\/www.pranamyogaescola.com\/?page_id=856"},"modified":"2025-12-16T17:54:35","modified_gmt":"2025-12-16T15:54:35","slug":"el-proyecto","status":"publish","type":"page","link":"https:\/\/www.pranamyogaescola.com\/es\/el-proyecto\/","title":{"rendered":"El proyecto"},"content":{"rendered":"<div class=\"wpb-content-wrapper\"><p>[vc_row css_animation=\u00bb\u00bb row_type=\u00bbrow\u00bb use_row_as_full_screen_section=\u00bbno\u00bb type=\u00bbfull_width\u00bb angled_section=\u00bbno\u00bb text_align=\u00bbcenter\u00bb background_image_as_pattern=\u00bbwithout_pattern\u00bb z_index=\u00bb\u00bb background_image=\u00bb386&#8243; background_color=\u00bb#000000&#8243;][vc_column][vc_single_image image=\u00bb480&#8243; img_size=\u00bbfull\u00bb alignment=\u00bbcenter\u00bb css=\u00bb\u00bb qode_css_animation=\u00bb\u00bb][\/vc_column][\/vc_row][vc_row css_animation=\u00bb\u00bb row_type=\u00bbrow\u00bb use_row_as_full_screen_section=\u00bbno\u00bb type=\u00bbgrid\u00bb angled_section=\u00bbno\u00bb text_align=\u00bbleft\u00bb background_image_as_pattern=\u00bbwithout_pattern\u00bb z_index=\u00bb\u00bb padding_top=\u00bb10&#8243;][vc_column][vc_column_text css=\u00bb\u00bb]<\/p>\n<p style=\"text-align: right;\"><a href=\"\/es\">Inicio<\/a> \/\/ <strong>El proyecto<\/strong><\/p>\n<p>[\/vc_column_text][\/vc_column][\/vc_row][vc_row css_animation=\u00bb\u00bb row_type=\u00bbrow\u00bb use_row_as_full_screen_section=\u00bbno\u00bb type=\u00bbgrid\u00bb angled_section=\u00bbno\u00bb text_align=\u00bbleft\u00bb background_image_as_pattern=\u00bbwithout_pattern\u00bb padding_top=\u00bb50&#8243; padding_bottom=\u00bb75&#8243; z_index=\u00bb\u00bb anchor=\u00bbinici\u00bb][vc_column width=\u00bb1\/3&#8243;][vc_single_image image=\u00bb316&#8243; img_size=\u00bbfull\u00bb alignment=\u00bbcenter\u00bb css=\u00bb\u00bb qode_css_animation=\u00bb\u00bb][vc_empty_space height=\u00bb50&#8243;][\/vc_column][vc_column width=\u00bb2\/3&#8243; css=\u00bb.vc_custom_1732614816277{padding-right: 0px !important;}\u00bb]<div class=\"custom_font_holder \" style=\"font-family: Roboto; font-style: normal; font-weight: 600; color: #821A19; text-decoration: none; text-align: left; --qode-cf-font-size: 20px; --qode-cf-line-height: 30px; --qode-cf-font-size-1440: 20px; --qode-cf-line-height-1440: 30px; --qode-cf-font-size-1366: 20px; --qode-cf-line-height-1366: 30px; --qode-cf-font-size-1280: 20px; --qode-cf-line-height-1280: 30px; --qode-cf-font-size-1024: 20px; --qode-cf-line-height-1024: 30px; --qode-cf-font-size-768: 20px; --qode-cf-line-height-768: 30px; --qode-cf-font-size-680: 20px; --qode-cf-line-height-680: 30px; --qode-cf-font-size-480: 20px; --qode-cf-line-height-480: 30px;\">PASI\u00d3N POR EL YOGA<\/div>[vc_empty_space height=\u00bb12px\u00bb][vc_column_text css=\u00bb\u00bb]<\/p>\n<h1>Pranam: el camino hacia la esencia.<\/h1>\n<p>[\/vc_column_text][vc_empty_space height=\u00bb50&#8243;][vc_column_text css=\u00bb\u00bb]El Proyecto: la Escuela de Yoga Pranam es un proyecto que pretende difundir y compartir Yoga, con una mirada filos\u00f3fica y tradicional. Su intenci\u00f3n es acercar las ense\u00f1anzas de esta cultura milenaria a la vida moderna, para poder vivir con mayor bienestar f\u00edsico y mental en el d\u00eda a d\u00eda.<\/p>\n<p>&nbsp;<\/p>\n<p>Somos una Escuela de Yoga cercana y con ganas de que todo el mundo pueda beneficiarse de un conocimiento que ayuda a vivir con una perspectiva m\u00e1s calmada y equilibrada con el mundo. Creemos que el ritmo de vida actual hace m\u00e1s necesario que nunca este acompa\u00f1amiento hacia un estilo o forma de hacer consciente y respetuosa, tanto con lo que nos rodea, como con lo que estamos y tenemos en nuestro interior<\/p>\n<p>.<\/p>\n<p>&nbsp;<\/p>\n<p>[vc_separator type=\u00bbnormal\u00bb color=\u00bb#821A19&#8243; thickness=\u00bb1&#8243; up=\u00bb15&#8243; down=\u00bb15&#8243;]<\/p>\n<p><span style=\"color: #821a19;\"><em><strong>Ad\u00e9ntrate en el viaje de la Escuela de Yoga Pranam, un camino hacia el equilibrio y la serenidad. Te invitamos a conectarte con la sabidur\u00eda ancestral para encontrar paz interior y aut\u00e9ntica felicidad. Descubre, en cada respiraci\u00f3n, una nueva versi\u00f3n de ti mismo, y vive plenamente.<\/strong><\/em><\/span><\/p>\n<p>[vc_separator type=\u00bbnormal\u00bb color=\u00bb#821A19&#8243; thickness=\u00bb1&#8243; up=\u00bb15&#8243; down=\u00bb15&#8243;]<\/p>\n<p>&nbsp;<\/p>\n<p>Consideramos que en filosof\u00eda de la India y el Yoga son unas herramientas muy interesantes porque nos hacen dar cuenta del sentido profundo en nuestras vidas y nos permite reconocerlo. As\u00ed, este conocimiento ancestral nos acerca a lo que se llama felicidad aut\u00e9ntica, que brota interiormente por el entusiasmo de vivir y Ser.<\/p>\n<p>&nbsp;<\/p>\n<p>Yoga nos aporta un conjunto de t\u00e9cnicas corporales y mentales que permiten autorregularnos y purificarnos energ\u00e9ticamente. A trav\u00e9s de este m\u00e9todo, podemos afrontar las propuestas de su filosof\u00eda y hacer que nuestras vidas sean un viaje de descubrimiento y autoconocimiento.<\/p>\n<p>&nbsp;<\/p>\n<p>Te invitamos a acompa\u00f1arnos en ese camino. Te proponemos que, a tu ritmo, vayas descubriendo esta nueva versi\u00f3n de ti. El proceso siempre ser\u00e1 de uno mismo, pero nosotros estaremos ah\u00ed para guiarte.[\/vc_column_text][vc_empty_space height=\u00bb25&#8243;]<a  itemprop=\"url\" href=\"\/es\/cursos-talleres-y-retiros\/\" target=\"_self\"  class=\"qbutton  default\" style=\"\">Consulta cursos, talleres y retiros<\/a>[vc_empty_space height=\u00bb30px\u00bb][\/vc_column][\/vc_row][vc_row css_animation=\u00bb\u00bb row_type=\u00bbrow\u00bb use_row_as_full_screen_section=\u00bbno\u00bb type=\u00bbgrid\u00bb angled_section=\u00bbno\u00bb text_align=\u00bbleft\u00bb background_image_as_pattern=\u00bbwithout_pattern\u00bb css=\u00bb.vc_custom_1730919456233{background-color: #FFF5E5 !important;}\u00bb z_index=\u00bb\u00bb padding_top=\u00bb75&#8243; padding_bottom=\u00bb75&#8243;][vc_column]<div class=\"custom_font_holder \" style=\"font-family: Roboto; font-style: normal; font-weight: 600; color: #821A19; text-decoration: none; text-align: center; --qode-cf-font-size: 20px; --qode-cf-line-height: 30px; --qode-cf-font-size-1440: 20px; --qode-cf-line-height-1440: 30px; --qode-cf-font-size-1366: 20px; --qode-cf-line-height-1366: 30px; --qode-cf-font-size-1280: 20px; --qode-cf-line-height-1280: 30px; --qode-cf-font-size-1024: 20px; --qode-cf-line-height-1024: 30px; --qode-cf-font-size-768: 20px; --qode-cf-line-height-768: 30px; --qode-cf-font-size-680: 20px; --qode-cf-line-height-680: 30px; --qode-cf-font-size-480: 20px; --qode-cf-line-height-480: 30px;\">NOS IMPORTA TU OPINI\u00d3N<\/div>[vc_empty_space height=\u00bb12px\u00bb][vc_column_text css=\u00bb\u00bb]<\/p>\n<h2 style=\"text-align: center;\">\u00bfQu\u00e9 opinan de nosotros?<\/h2>\n<p>[\/vc_column_text][vc_empty_space height=\u00bb75&#8243;][vc_row_inner row_type=\u00bbrow\u00bb type=\u00bbfull_width\u00bb text_align=\u00bbleft\u00bb css_animation=\u00bb\u00bb][vc_column_inner width=\u00bb1\/3&#8243;]<div class=\"custom_font_holder \" style=\"font-family: Roboto; font-style: normal; font-weight: 600; color: #821A19; text-decoration: none; text-align: center; --qode-cf-font-size: 20px; --qode-cf-line-height: 30px; --qode-cf-font-size-1440: 20px; --qode-cf-line-height-1440: 30px; --qode-cf-font-size-1366: 20px; --qode-cf-line-height-1366: 30px; --qode-cf-font-size-1280: 20px; --qode-cf-line-height-1280: 30px; --qode-cf-font-size-1024: 20px; --qode-cf-line-height-1024: 30px; --qode-cf-font-size-768: 20px; --qode-cf-line-height-768: 30px; --qode-cf-font-size-680: 20px; --qode-cf-line-height-680: 30px; --qode-cf-font-size-480: 20px; --qode-cf-line-height-480: 30px;\">M\u00d2NICA FOLGAROLAS<\/div>[vc_empty_space height=\u00bb12px\u00bb][vc_single_image image=\u00bb970&#8243; img_size=\u00bbfull\u00bb alignment=\u00bbcenter\u00bb css=\u00bb\u00bb qode_css_animation=\u00bb\u00bb][vc_empty_space height=\u00bb30px\u00bb][vc_column_text css=\u00bb\u00bb]<\/p>\n<p style=\"text-align: center;\">Soy alumna de PRANAM ESCUELA DE YOGA y siento que es un proyecto hecho desde el coraz\u00f3n y con la voluntad de hacer las cosas bien hechas. Todas las propuestas son muy enriquecedoras y est\u00e1n muy bien organizadas. \u00a1Es un espacio donde crecer a nivel personal y en compa\u00f1\u00eda es un aut\u00e9ntico placer!<\/p>\n<p>[\/vc_column_text][vc_empty_space height=\u00bb50&#8243;][\/vc_column_inner][vc_column_inner width=\u00bb1\/3&#8243;]<div class=\"custom_font_holder \" style=\"font-family: Roboto; font-style: normal; font-weight: 600; color: #821A19; text-decoration: none; text-align: center; --qode-cf-font-size: 20px; --qode-cf-line-height: 30px; --qode-cf-font-size-1440: 20px; --qode-cf-line-height-1440: 30px; --qode-cf-font-size-1366: 20px; --qode-cf-line-height-1366: 30px; --qode-cf-font-size-1280: 20px; --qode-cf-line-height-1280: 30px; --qode-cf-font-size-1024: 20px; --qode-cf-line-height-1024: 30px; --qode-cf-font-size-768: 20px; --qode-cf-line-height-768: 30px; --qode-cf-font-size-680: 20px; --qode-cf-line-height-680: 30px; --qode-cf-font-size-480: 20px; --qode-cf-line-height-480: 30px;\">MONTSE NIUB\u00d3<\/div>[vc_empty_space height=\u00bb12px\u00bb][vc_single_image image=\u00bb970&#8243; img_size=\u00bbfull\u00bb alignment=\u00bbcenter\u00bb css=\u00bb\u00bb qode_css_animation=\u00bb\u00bb][vc_empty_space height=\u00bb30px\u00bb][vc_column_text css=\u00bb\u00bb]<\/p>\n<p style=\"text-align: center;\">Soy alumna de la escuela Pranam Yoga desde hace ya un tiempo, y para m\u00ed ha sido un descubrimiento a muchos niveles. De la mano de la escuela y Roger, estoy descubriendo y aprendiendo un yoga como ejercicio de espiritualidad muy especial, que me inspira y ayuda, porque me conecta a mi espacio de paz, de reencuentro conmigo misma; me tomo este espacio como el momento para intentar parar las emociones y la mente, taaaaan necesario en el d\u00eda estresante, r\u00e1pido e intenso que vivimos actualmente. La escuela ofrece muchas actividades, todas ellas interesantes, a precios m\u00e1s que justos y en entornos muy privilegiados. Se respira, adem\u00e1s, una atm\u00f3sfera muy bonita, de mucha fraternidad y paz, un aut\u00e9ntico regalo que tenemos cerca!! Muy muy recomendable esta escuela, le deseo una vida MUY LARGA!!<\/p>\n<p>[\/vc_column_text][vc_empty_space height=\u00bb50&#8243;][\/vc_column_inner][vc_column_inner width=\u00bb1\/3&#8243;]<div class=\"custom_font_holder \" style=\"font-family: Roboto; font-style: normal; font-weight: 600; color: #821A19; text-decoration: none; text-align: center; --qode-cf-font-size: 20px; --qode-cf-line-height: 30px; --qode-cf-font-size-1440: 20px; --qode-cf-line-height-1440: 30px; --qode-cf-font-size-1366: 20px; --qode-cf-line-height-1366: 30px; --qode-cf-font-size-1280: 20px; --qode-cf-line-height-1280: 30px; --qode-cf-font-size-1024: 20px; --qode-cf-line-height-1024: 30px; --qode-cf-font-size-768: 20px; --qode-cf-line-height-768: 30px; --qode-cf-font-size-680: 20px; --qode-cf-line-height-680: 30px; --qode-cf-font-size-480: 20px; --qode-cf-line-height-480: 30px;\">S\u00cdLVIA IGLESIAS<\/div>[vc_empty_space height=\u00bb12px\u00bb][vc_single_image image=\u00bb970&#8243; img_size=\u00bbfull\u00bb alignment=\u00bbcenter\u00bb css=\u00bb\u00bb qode_css_animation=\u00bb\u00bb][vc_empty_space height=\u00bb30px\u00bb][vc_column_text css=\u00bb\u00bb]<\/p>\n<p style=\"text-align: center;\">Recomiendo Pranam a todas las personas que busquen poder realizar una pr\u00e1ctica de yoga profunda y con sentido m\u00e1s all\u00e1 del ejercicio f\u00edsico. Las clases, las distintas jornadas y formaciones est\u00e1n preparadas rigurosamente y con el coraz\u00f3n. Soy alumna de la escuela y he encontrado una gu\u00eda y un apoyo en la pr\u00e1ctica que me ha ayudado a llegar hasta el d\u00eda de hoy siguiendo con ganas de continuar ese camino del yoga. Muchas gracias, Roger y Gise.<\/p>\n<p>[\/vc_column_text][\/vc_column_inner][\/vc_row_inner][\/vc_column][\/vc_row][vc_row css_animation=\u00bb\u00bb row_type=\u00bbrow\u00bb use_row_as_full_screen_section=\u00bbno\u00bb type=\u00bbgrid\u00bb angled_section=\u00bbno\u00bb text_align=\u00bbleft\u00bb background_image_as_pattern=\u00bbwithout_pattern\u00bb z_index=\u00bb\u00bb padding_top=\u00bb75&#8243; padding_bottom=\u00bb75&#8243; anchor=\u00bbgaleria\u00bb][vc_column][vc_gallery type=\u00bbimage_grid\u00bb images=\u00bb539,541,543,545,547,549,551,553,555,557,559,561&#8243; img_size=\u00bbfull\u00bb css=\u00bb\u00bb column_number=\u00bb3&#8243; grayscale=\u00bbno\u00bb images_space=\u00bbgallery_with_space\u00bb][\/vc_column][\/vc_row]<\/p>\n<\/div>","protected":false},"excerpt":{"rendered":"<p>[vc_row css_animation=\u00bb\u00bb row_type=\u00bbrow\u00bb use_row_as_full_screen_section=\u00bbno\u00bb type=\u00bbfull_width\u00bb angled_section=\u00bbno\u00bb text_align=\u00bbcenter\u00bb background_image_as_pattern=\u00bbwithout_pattern\u00bb z_index=\u00bb\u00bb background_image=\u00bb386&#8243; background_color=\u00bb#000000&#8243;][vc_column][vc_single_image image=\u00bb480&#8243; img_size=\u00bbfull\u00bb alignment=\u00bbcenter\u00bb css=\u00bb\u00bb qode_css_animation=\u00bb\u00bb][\/vc_column][\/vc_row][vc_row css_animation=\u00bb\u00bb row_type=\u00bbrow\u00bb use_row_as_full_screen_section=\u00bbno\u00bb type=\u00bbgrid\u00bb angled_section=\u00bbno\u00bb text_align=\u00bbleft\u00bb background_image_as_pattern=\u00bbwithout_pattern\u00bb z_index=\u00bb\u00bb padding_top=\u00bb10&#8243;][vc_column][vc_column_text css=\u00bb\u00bb] Inicio \/\/ El proyecto [\/vc_column_text][\/vc_column][\/vc_row][vc_row css_animation=\u00bb\u00bb row_type=\u00bbrow\u00bb use_row_as_full_screen_section=\u00bbno\u00bb type=\u00bbgrid\u00bb angled_section=\u00bbno\u00bb text_align=\u00bbleft\u00bb background_image_as_pattern=\u00bbwithout_pattern\u00bb padding_top=\u00bb50&#8243; padding_bottom=\u00bb75&#8243; z_index=\u00bb\u00bb anchor=\u00bbinici\u00bb][vc_column width=\u00bb1\/3&#8243;][vc_single_image image=\u00bb316&#8243; img_size=\u00bbfull\u00bb&hellip; <a class=\"continue\" href=\"https:\/\/www.pranamyogaescola.com\/es\/el-proyecto\/\">CONTINUAR >><span> El proyecto<\/span><\/a><\/p>\n","protected":false},"author":1,"featured_media":0,"parent":0,"menu_order":0,"comment_status":"closed","ping_status":"closed","template":"full_width.php","meta":{"footnotes":""},"class_list":["post-856","page","type-page","status-publish","hentry"],"_links":{"self":[{"href":"https:\/\/www.pranamyogaescola.com\/es\/wp-json\/wp\/v2\/pages\/856","targetHints":{"allow":["GET"]}}],"collection":[{"href":"https:\/\/www.pranamyogaescola.com\/es\/wp-json\/wp\/v2\/pages"}],"about":[{"href":"https:\/\/www.pranamyogaescola.com\/es\/wp-json\/wp\/v2\/types\/page"}],"author":[{"embeddable":true,"href":"https:\/\/www.pranamyogaescola.com\/es\/wp-json\/wp\/v2\/users\/1"}],"replies":[{"embeddable":true,"href":"https:\/\/www.pranamyogaescola.com\/es\/wp-json\/wp\/v2\/comments?post=856"}],"version-history":[{"count":7,"href":"https:\/\/www.pranamyogaescola.com\/es\/wp-json\/wp\/v2\/pages\/856\/revisions"}],"predecessor-version":[{"id":989,"href":"https:\/\/www.pranamyogaescola.com\/es\/wp-json\/wp\/v2\/pages\/856\/revisions\/989"}],"wp:attachment":[{"href":"https:\/\/www.pranamyogaescola.com\/es\/wp-json\/wp\/v2\/media?parent=856"}],"curies":[{"name":"wp","href":"https:\/\/api.w.org\/{rel}","templated":true}]}}