{"id":859,"date":"2024-11-05T12:57:57","date_gmt":"2024-11-05T10:57:57","guid":{"rendered":"https:\/\/www.pranamyogaescola.com\/?page_id=859"},"modified":"2025-01-09T13:38:51","modified_gmt":"2025-01-09T11:38:51","slug":"cursos-talleres-y-retiros","status":"publish","type":"page","link":"https:\/\/www.pranamyogaescola.com\/es\/cursos-talleres-y-retiros\/","title":{"rendered":"Cursos, talleres y retiros"},"content":{"rendered":"<div class=\"wpb-content-wrapper\"><p>[vc_row css_animation=\u00bb\u00bb row_type=\u00bbrow\u00bb use_row_as_full_screen_section=\u00bbno\u00bb type=\u00bbfull_width\u00bb angled_section=\u00bbno\u00bb text_align=\u00bbcenter\u00bb background_image_as_pattern=\u00bbwithout_pattern\u00bb z_index=\u00bb\u00bb background_image=\u00bb386&#8243; background_color=\u00bb#000000&#8243;][vc_column][vc_single_image image=\u00bb408&#8243; img_size=\u00bbfull\u00bb alignment=\u00bbcenter\u00bb css=\u00bb\u00bb qode_css_animation=\u00bb\u00bb][\/vc_column][\/vc_row][vc_row css_animation=\u00bb\u00bb row_type=\u00bbrow\u00bb use_row_as_full_screen_section=\u00bbno\u00bb type=\u00bbgrid\u00bb angled_section=\u00bbno\u00bb text_align=\u00bbleft\u00bb background_image_as_pattern=\u00bbwithout_pattern\u00bb z_index=\u00bb\u00bb padding_top=\u00bb10&#8243;][vc_column][vc_column_text css=\u00bb\u00bb]<\/p>\n<p style=\"text-align: right;\"><a href=\"\/es\">Inicio<\/a> \/\/ <strong>Cursos, formaciones, talleres, jornadas, clases y retiros de Yoga<\/strong><\/p>\n<p>[\/vc_column_text][\/vc_column][\/vc_row][vc_row css_animation=\u00bb\u00bb row_type=\u00bbrow\u00bb use_row_as_full_screen_section=\u00bbno\u00bb type=\u00bbgrid\u00bb angled_section=\u00bbno\u00bb text_align=\u00bbleft\u00bb background_image_as_pattern=\u00bbwithout_pattern\u00bb padding_top=\u00bb75&#8243; padding_bottom=\u00bb25&#8243; z_index=\u00bb\u00bb anchor=\u00bbinici\u00bb][vc_column width=\u00bb1\/3&#8243;]<div class=\"custom_font_holder \" style=\"font-family: Roboto; font-style: normal; font-weight: 600; color: #821A19; text-decoration: none; text-align: left; --qode-cf-font-size: 20px; --qode-cf-line-height: 30px; --qode-cf-font-size-1440: 20px; --qode-cf-line-height-1440: 30px; --qode-cf-font-size-1366: 20px; --qode-cf-line-height-1366: 30px; --qode-cf-font-size-1280: 20px; --qode-cf-line-height-1280: 30px; --qode-cf-font-size-1024: 20px; --qode-cf-line-height-1024: 30px; --qode-cf-font-size-768: 20px; --qode-cf-line-height-768: 30px; --qode-cf-font-size-680: 20px; --qode-cf-line-height-680: 30px; --qode-cf-font-size-480: 20px; --qode-cf-line-height-480: 30px;\">UN AMPLIO ABANICO DE OPCIONES ALREDEDOR DEL YOGA<\/div>[vc_empty_space height=\u00bb12px\u00bb][vc_column_text css=\u00bb\u00bb]<\/p>\n<h1>Cursos, formaciones, talleres, jornadas, clases y retiros de Yoga.<\/h1>\n<p>[\/vc_column_text][vc_empty_space height=\u00bb25&#8243;][vc_column_text css=\u00bb\u00bb]En la Escuela de Yoga Pranam encontrar\u00e1s un espacio dedicado al aprendizaje y la pr\u00e1ctica del yoga en todas sus formas y profundidades. Nuestra oferta abarca desde cursos y formaciones acreditadas hasta talleres, jornadas y retiros inmersivos, creando oportunidades para explorar tanto aspectos f\u00edsicos como filos\u00f3ficos del Yoga y la cultura India.<\/p>\n<p>&nbsp;<\/p>\n<p>Con un enfoque en la transformaci\u00f3n personal y el crecimiento interior, cada actividad est\u00e1 dise\u00f1ada para proporcionar a los practicantes las herramientas necesarias para desarrollar una pr\u00e1ctica constante y enriquecedora. Tanto si eres nuevo en el mundo del yoga como si buscas profundizar en tu pr\u00e1ctica, en Yoga Pranam te acompa\u00f1aremos en este camino de descubrimiento y equilibrio personal.[\/vc_column_text][vc_empty_space height=\u00bb25&#8243;]<a  itemprop=\"url\" href=\"\/es\/tienda\/\" target=\"_self\"  class=\"qbutton  default\" style=\"\">Explora la tienda<\/a>[vc_empty_space height=\u00bb75&#8243;][\/vc_column][vc_column width=\u00bb1\/3&#8243;][qode_elements_holder background_color=\u00bb#FFF5E5&#8243; number_of_columns=\u00bbone_column\u00bb][qode_elements_holder_item advanced_animations=\u00bbno\u00bb background_color=\u00bb#FFF5E5&#8243; item_padding=\u00bb25px 25px 25px 25px\u00bb][vc_single_image image=\u00bb315&#8243; img_size=\u00bbfull\u00bb alignment=\u00bbcenter\u00bb css=\u00bb\u00bb qode_css_animation=\u00bb\u00bb][vc_empty_space height=\u00bb50&#8243;][vc_column_text css=\u00bb\u00bb]<\/p>\n<h2 style=\"text-align: left;\">Clases de Yoga<\/h2>\n<p>[\/vc_column_text][vc_empty_space height=\u00bb25&#8243;][vc_column_text css=\u00bb\u00bb]<\/p>\n<p style=\"text-align: left;\">Las clases regulares de Yoga son la mejor manera de establecer una pr\u00e1ctica personal que nos vaya permitiendo obtener los frutos de la constancia. De hecho, es as\u00ed como el Yoga propone que sea, con determinaci\u00f3n y compromiso, porque de otra forma, es complicado crear un verdadero cambio interior. Las clases las ofrecemos en varios espacios alrededor de Vic. Puede consultarnos directamente para m\u00e1s informaci\u00f3n.<\/p>\n<p>[\/vc_column_text][vc_empty_space height=\u00bb50&#8243;][vc_column_text css=\u00bb\u00bb]<\/p>\n<h3 style=\"text-align: left;\">Horarios<\/h3>\n<p>[\/vc_column_text][vc_separator type=\u00bbnormal\u00bb color=\u00bb#821A19&#8243; thickness=\u00bb1&#8243; up=\u00bb15&#8243; down=\u00bb15&#8243;][vc_row_inner row_type=\u00bbrow\u00bb type=\u00bbfull_width\u00bb text_align=\u00bbright\u00bb css_animation=\u00bb\u00bb][vc_column_inner width=\u00bb1\/2&#8243;][vc_column_text css=\u00bb\u00bb]<\/p>\n<p style=\"text-align: left;\"><strong>LUNES<\/strong><br \/>\n<strong>18:30 a 19:40 h.<\/strong><br \/>\nEl Refugio (Sentfores)<\/p>\n<p>[\/vc_column_text][vc_empty_space height=\u00bb25&#8243;][\/vc_column_inner][vc_column_inner width=\u00bb1\/2&#8243;]<a  itemprop=\"url\" href=\"\/wp-content\/uploads\/2024\/11\/2024-2025-classes-yoga-el-refugi.pdf\" target=\"_blank\"  class=\"qbutton  default\" style=\"\">+INFO<\/a>[\/vc_column_inner][\/vc_row_inner][vc_separator type=\u00bbnormal\u00bb color=\u00bb#821A19&#8243; thickness=\u00bb1&#8243; up=\u00bb15&#8243; down=\u00bb15&#8243;][vc_row_inner row_type=\u00bbrow\u00bb type=\u00bbfull_width\u00bb text_align=\u00bbright\u00bb css_animation=\u00bb\u00bb][vc_column_inner width=\u00bb1\/2&#8243;][vc_column_text css=\u00bb\u00bb]<\/p>\n<p style=\"text-align: left;\"><strong>MARTES<\/strong><br \/>\n<strong>18:00 a 19:30 h.<\/strong><br \/>\n<strong>19:45 a 20:55 h.<\/strong><br \/>\nYoga One (Vic)<\/p>\n<p>[\/vc_column_text][\/vc_column_inner][vc_column_inner width=\u00bb1\/2&#8243;][\/vc_column_inner][\/vc_row_inner][vc_separator type=\u00bbnormal\u00bb color=\u00bb#821A19&#8243; thickness=\u00bb1&#8243; up=\u00bb15&#8243; down=\u00bb15&#8243;][vc_row_inner row_type=\u00bbrow\u00bb type=\u00bbfull_width\u00bb text_align=\u00bbright\u00bb css_animation=\u00bb\u00bb][vc_column_inner width=\u00bb1\/2&#8243;][vc_column_text css=\u00bb\u00bb]<\/p>\n<p style=\"text-align: left;\"><strong>MIERCOLES<\/strong><br \/>\n<strong>9.30 a 10.30 h.<br \/>\n<\/strong>Salut i Alimentaci\u00f3 (Aiguafreda)<\/p>\n<p>[\/vc_column_text][\/vc_column_inner][vc_column_inner width=\u00bb1\/2&#8243;][\/vc_column_inner][\/vc_row_inner][vc_separator type=\u00bbnormal\u00bb color=\u00bb#821A19&#8243; thickness=\u00bb1&#8243; up=\u00bb15&#8243; down=\u00bb15&#8243;][vc_row_inner row_type=\u00bbrow\u00bb type=\u00bbfull_width\u00bb text_align=\u00bbright\u00bb css_animation=\u00bb\u00bb][vc_column_inner width=\u00bb1\/2&#8243;][vc_column_text css=\u00bb\u00bb]<\/p>\n<p style=\"text-align: left;\"><strong>MIERCOLES<\/strong><br \/>\n<strong>18.30 a 19.30 h.<br \/>\n<\/strong><strong>20.00 a 21.00 h.<\/strong><br \/>\nSta. Eul\u00e0lia de Riuprimer<\/p>\n<p>[\/vc_column_text][\/vc_column_inner][vc_column_inner width=\u00bb1\/2&#8243;][\/vc_column_inner][\/vc_row_inner][vc_separator type=\u00bbnormal\u00bb color=\u00bb#821A19&#8243; thickness=\u00bb1&#8243; up=\u00bb15&#8243; down=\u00bb15&#8243;][vc_row_inner row_type=\u00bbrow\u00bb type=\u00bbfull_width\u00bb text_align=\u00bbright\u00bb css_animation=\u00bb\u00bb][vc_column_inner width=\u00bb1\/2&#8243;][vc_column_text css=\u00bb\u00bb]<\/p>\n<p style=\"text-align: left;\"><strong>JUEVES<\/strong><br \/>\n<strong>7.30 a 8.30 h.<\/strong><br \/>\nYoga One (Vic)<\/p>\n<p>[\/vc_column_text][\/vc_column_inner][vc_column_inner width=\u00bb1\/2&#8243;][\/vc_column_inner][\/vc_row_inner][vc_separator type=\u00bbnormal\u00bb color=\u00bb#821A19&#8243; thickness=\u00bb1&#8243; up=\u00bb15&#8243; down=\u00bb15&#8243;][vc_row_inner row_type=\u00bbrow\u00bb type=\u00bbfull_width\u00bb text_align=\u00bbright\u00bb css_animation=\u00bb\u00bb][vc_column_inner width=\u00bb1\/2&#8243;][vc_column_text css=\u00bb\u00bb]<\/p>\n<p style=\"text-align: left;\"><strong>JUEVES<\/strong><br \/>\n<strong>18.15 a 19.25 h.<\/strong><br \/>\nMoi\u00e0<\/p>\n<p>[\/vc_column_text][\/vc_column_inner][vc_column_inner width=\u00bb1\/2&#8243;][\/vc_column_inner][\/vc_row_inner][vc_separator type=\u00bbnormal\u00bb color=\u00bb#821A19&#8243; thickness=\u00bb1&#8243; up=\u00bb15&#8243; down=\u00bb15&#8243;][\/qode_elements_holder_item][\/qode_elements_holder][vc_empty_space height=\u00bb50&#8243;][\/vc_column][vc_column width=\u00bb1\/3&#8243;][qode_elements_holder background_color=\u00bb#FFF5E5&#8243; number_of_columns=\u00bbone_column\u00bb][qode_elements_holder_item advanced_animations=\u00bbno\u00bb background_color=\u00bb#FFF5E5&#8243; item_padding=\u00bb25px 25px 25px 25px\u00bb][vc_single_image image=\u00bb449&#8243; img_size=\u00bbfull\u00bb alignment=\u00bbcenter\u00bb css=\u00bb\u00bb qode_css_animation=\u00bb\u00bb][vc_empty_space height=\u00bb50&#8243;][vc_column_text css=\u00bb\u00bb]<\/p>\n<h2>Formaciones de Yoga<\/h2>\n<p>[\/vc_column_text][vc_empty_space height=\u00bb25&#8243;][vc_column_text css=\u00bb.vc_custom_1733334190431{padding-right: 5% !important;padding-left: 5% !important;}\u00bb]<\/p>\n<p style=\"text-align: left;\">Las formaciones de Yoga son cursos formativos con reconocimiento acad\u00e9mico. Est\u00e1n reguladas por las bases legales sobre la instrucci\u00f3n en Yoga de la Generalidad de Catalu\u00f1a. Y ofrecen una profundizaci\u00f3n en las bases del Yoga tradicional y todas sus t\u00e9cnicas. Est\u00e1n destinadas a la transformaci\u00f3n y conocimiento personal, pero tambi\u00e9n son los primeros pasos para convertirse en profesor\/a de Yoga. En este sentido, las formaciones otorgan una titulaci\u00f3n oficial reconocida por los procesos acreditativos de certificaci\u00f3n profesional de la Generalidad de Catalu\u00f1a.<\/p>\n<p>[\/vc_column_text][vc_row_inner row_type=\u00bbrow\u00bb type=\u00bbfull_width\u00bb text_align=\u00bbright\u00bb css_animation=\u00bb\u00bb anchor=\u00bbformacio-yoga\u00bb][vc_column_inner][vc_column_text css=\u00bb\u00bb][\/vc_column_text][\/vc_column_inner][\/vc_row_inner][vc_empty_space height=\u00bb50&#8243;][vc_column_text css=\u00bb\u00bb]<\/p>\n<h3 style=\"text-align: left;\">Formaci\u00f3n de Yoga 200h.<\/h3>\n<p>[\/vc_column_text][vc_separator type=\u00bbnormal\u00bb color=\u00bb#821A19&#8243; thickness=\u00bb1&#8243; up=\u00bb15&#8243; down=\u00bb15&#8243;][vc_row_inner row_type=\u00bbrow\u00bb type=\u00bbfull_width\u00bb text_align=\u00bbright\u00bb css_animation=\u00bb\u00bb][vc_column_inner width=\u00bb1\/2&#8243;][vc_column_text css=\u00bb\u00bb][\/vc_column_text][vc_column_text css=\u00bb\u00bb]<strong>Octubre&#8217;24 &#8211; junio&#8217;25<\/strong><br \/>\n\u00b7 19-20 de octubre<br \/>\n\u00b7 9-10 de noviembre<br \/>\n\u00b7 23-24 de noviembre<br \/>\n\u00b7 14-15 de diciembre<br \/>\n\u00b7 18-19 de enero<br \/>\n\u00b7 8-9 de febrero<br \/>\n\u00b7 1-2 de marzo<br \/>\n\u00b7 29-30 de marzo<br \/>\n\u00b7 19-20 de abril<br \/>\n\u00b7 17-18 de mayo<\/p>\n<p>&nbsp;<\/p>\n<p><strong>S\u00e1bados<\/strong><br \/>\n<strong>9:00 a 18:00 h.<\/strong><br \/>\n<strong>Domingos<\/strong><br \/>\n<strong>8:30 a 14:30 h.<\/strong><\/p>\n<p>&nbsp;<\/p>\n<p>\u00b7 7-9 de junio<br \/>\n<strong>(retiro de Yoga final de formaci\u00f3n)<\/strong><\/p>\n<p>&nbsp;<\/p>\n<p>La Rovira Nova (Sta. Eulalia de Riuprimer)[\/vc_column_text][vc_empty_space height=\u00bb25&#8243;][\/vc_column_inner][vc_column_inner width=\u00bb1\/2&#8243;]<a  itemprop=\"url\" href=\"\/wp-content\/uploads\/2024\/11\/2024-2025-formacio-yoga-200h.pdf\" target=\"_blank\"  class=\"qbutton  default\" style=\"\">+INFO<\/a>[vc_empty_space height=\u00bb10&#8243;]<a  itemprop=\"url\" href=\"\/es\/producte\/formacion-de-yoga-tradicional\/\" target=\"_self\"  class=\"qbutton  default\" style=\"\">\u00a1LO QUIERO!<\/a>[\/vc_column_inner][\/vc_row_inner][vc_separator type=\u00bbnormal\u00bb color=\u00bb#821A19&#8243; thickness=\u00bb1&#8243; up=\u00bb15&#8243; down=\u00bb15&#8243;][\/qode_elements_holder_item][\/qode_elements_holder][\/vc_column][\/vc_row][vc_row css_animation=\u00bb\u00bb row_type=\u00bbrow\u00bb use_row_as_full_screen_section=\u00bbno\u00bb type=\u00bbgrid\u00bb angled_section=\u00bbno\u00bb text_align=\u00bbleft\u00bb background_image_as_pattern=\u00bbwithout_pattern\u00bb padding_top=\u00bb25&#8243; padding_bottom=\u00bb25&#8243; z_index=\u00bb\u00bb][vc_column width=\u00bb1\/3&#8243;][qode_elements_holder background_color=\u00bb#FFF5E5&#8243; number_of_columns=\u00bbone_column\u00bb][qode_elements_holder_item advanced_animations=\u00bbno\u00bb background_color=\u00bb#FFF5E5&#8243; item_padding=\u00bb25px 25px 25px 25px\u00bb][vc_single_image image=\u00bb458&#8243; img_size=\u00bbfull\u00bb alignment=\u00bbcenter\u00bb css=\u00bb\u00bb qode_css_animation=\u00bb\u00bb][vc_empty_space height=\u00bb50&#8243;][vc_column_text css=\u00bb\u00bb]<\/p>\n<h2 style=\"text-align: left;\">Cursos de Yoga<\/h2>\n<p>[\/vc_column_text][vc_empty_space height=\u00bb25&#8243;][vc_column_text css=\u00bb.vc_custom_1733334287343{padding-right: 5% !important;padding-left: 5% !important;}\u00bb]<\/p>\n<p style=\"text-align: left;\">Los cursos de Yoga son inmersiones did\u00e1cticas en temas espec\u00edficos del Yoga y la cultura de la India. Entre ellos encontrar\u00e1s especialmente cursos de filosof\u00eda del Yoga, pero tambi\u00e9n cursos sobre hatha yoga y sus t\u00e9cnicas, as\u00ed como la propia meditaci\u00f3n.<\/p>\n<p>[\/vc_column_text][vc_empty_space height=\u00bb50&#8243;][vc_column_text css=\u00bb\u00bb]<\/p>\n<h3 style=\"text-align: left;\">Horarios<\/h3>\n<p>[\/vc_column_text][vc_separator type=\u00bbnormal\u00bb color=\u00bb#821A19&#8243; thickness=\u00bb1&#8243; up=\u00bb15&#8243; down=\u00bb15&#8243;][vc_row_inner row_type=\u00bbrow\u00bb type=\u00bbfull_width\u00bb text_align=\u00bbright\u00bb css_animation=\u00bb\u00bb][vc_column_inner width=\u00bb1\/2&#8243;][vc_column_text css=\u00bb\u00bb][\/vc_column_text][vc_column_text css=\u00bb\u00bb]<\/p>\n<p style=\"text-align: left;\"><strong>Curso Filosof\u00eda del Yoga: La Bhavad G\u012bta<\/strong><br \/>\n100% online<\/p>\n<p>[\/vc_column_text][vc_empty_space height=\u00bb25&#8243;][\/vc_column_inner][vc_column_inner width=\u00bb1\/2&#8243;]<a  itemprop=\"url\" href=\"\/es\/producte\/curso-filosofia-del-yoga-la-bhagavad-gita\/\" target=\"_self\"  class=\"qbutton  default\" style=\"\">\u00a1LO HAGO!<\/a>[\/vc_column_inner][\/vc_row_inner][vc_separator type=\u00bbnormal\u00bb color=\u00bb#821A19&#8243; thickness=\u00bb1&#8243; up=\u00bb15&#8243; down=\u00bb15&#8243;][\/qode_elements_holder_item][\/qode_elements_holder][vc_empty_space height=\u00bb50&#8243;][\/vc_column][vc_column width=\u00bb1\/3&#8243;][qode_elements_holder background_color=\u00bb#FFF5E5&#8243; number_of_columns=\u00bbone_column\u00bb][qode_elements_holder_item advanced_animations=\u00bbno\u00bb background_color=\u00bb#FFF5E5&#8243; item_padding=\u00bb25px 25px 25px 25px\u00bb][vc_single_image image=\u00bb673&#8243; img_size=\u00bb300&#215;300&#8243; alignment=\u00bbcenter\u00bb css=\u00bb\u00bb qode_css_animation=\u00bb\u00bb][vc_empty_space height=\u00bb50&#8243;][vc_column_text css=\u00bb\u00bb]<\/p>\n<h2>Retiros de Yoga<\/h2>\n<p>[\/vc_column_text][vc_empty_space height=\u00bb25&#8243;][vc_column_text css=\u00bb.vc_custom_1733334379711{padding-right: 5% !important;padding-left: 5% !important;}\u00bb]<\/p>\n<p style=\"text-align: left;\">Son estancias grupales en una mas\u00eda en medio de la naturaleza. Ideales para ofrecerse un espacio de conexi\u00f3n personal y tomar distancia moment\u00e1nea con la rutina diaria. Nos aportan una dosis de energ\u00eda extra que nos permite continuar con nuestros prop\u00f3sitos. Y nos permiten una pausa consciente junto con un trabajo personal necesario para reordenar nuestro rumbo interior. Se organizan de forma espor\u00e1dica, normalmente en los meses de mayo-junio o septiembre-octubre. Cons\u00faltanos directamente para m\u00e1s informaci\u00f3n. O f\u00edjate si ya tenemos el pr\u00f3ximo programado en la web.<\/p>\n<p>[\/vc_column_text][vc_empty_space height=\u00bb50&#8243;][vc_column_text css=\u00bb\u00bb]<\/p>\n<h3 style=\"text-align: left;\">Fechas<\/h3>\n<p>[\/vc_column_text][vc_separator type=\u00bbnormal\u00bb color=\u00bb#821A19&#8243; thickness=\u00bb1&#8243; up=\u00bb15&#8243; down=\u00bb15&#8243;][vc_row_inner row_type=\u00bbrow\u00bb type=\u00bbfull_width\u00bb text_align=\u00bbright\u00bb css_animation=\u00bb\u00bb][vc_column_inner width=\u00bb1\/2&#8243;][vc_column_text css=\u00bb\u00bb][\/vc_column_text][vc_column_text css=\u00bb\u00bb]<\/p>\n<p style=\"text-align: left;\"><strong>23-25 \u200b\u200bde mayo<\/strong><br \/>\nPortavella (Ripoll\u00e8s)<\/p>\n<p>[\/vc_column_text][vc_empty_space height=\u00bb25&#8243;][\/vc_column_inner][vc_column_inner width=\u00bb1\/2&#8243;]<a  itemprop=\"url\" href=\"\/wp-content\/uploads\/2024\/11\/2025-retir-yoga-maig.pdf\" target=\"_blank\"  class=\"qbutton  default\" style=\"\">+INFO<\/a>[vc_empty_space height=\u00bb10&#8243;]<a  itemprop=\"url\" href=\"\/es\/producte\/retiro-de-yoga-mayo-de-2025\/\" target=\"_self\"  class=\"qbutton  default\" style=\"\">\u00a1ME APUNTO!<\/a>[\/vc_column_inner][\/vc_row_inner][vc_separator type=\u00bbnormal\u00bb color=\u00bb#821A19&#8243; thickness=\u00bb1&#8243; up=\u00bb15&#8243; down=\u00bb15&#8243;][\/qode_elements_holder_item][\/qode_elements_holder][vc_empty_space height=\u00bb50&#8243;][\/vc_column][vc_column width=\u00bb1\/3&#8243;][qode_elements_holder background_color=\u00bb#FFF5E5&#8243; number_of_columns=\u00bbone_column\u00bb][qode_elements_holder_item advanced_animations=\u00bbno\u00bb background_color=\u00bb#FFF5E5&#8243; item_padding=\u00bb25px 25px 25px 25px\u00bb][vc_single_image image=\u00bb312&#8243; img_size=\u00bbfull\u00bb alignment=\u00bbcenter\u00bb css=\u00bb\u00bb qode_css_animation=\u00bb\u00bb][vc_empty_space height=\u00bb50&#8243;][vc_column_text css=\u00bb\u00bb]<\/p>\n<h2>Talleres y jornadas<br \/>\nde Yoga<\/h2>\n<p>[\/vc_column_text][vc_empty_space height=\u00bb25&#8243;][vc_column_text css=\u00bb.vc_custom_1733334460254{padding-right: 5% !important;padding-left: 5% !important;}\u00bb]<\/p>\n<p style=\"text-align: left;\">Son encuentros puntuales en los que se proponen din\u00e1micas sobre alg\u00fan aspecto del Yoga. En ellos podemos encontrar pr\u00e1cticas de Hatha Yoga, charlas, canto de mantra, entre otros. Son una muy buena manera de acercarse al Yoga, yendo un poco m\u00e1s all\u00e1 que en las sesiones regulares que realizamos durante la semana, permitiendo conocer y desarrollar aspectos m\u00e1s sutiles de la pr\u00e1ctica. Solemos realizar estos talleres y jornadas en la Rovira Nova, una casa preparada para estas actividades, en medio de la naturaleza, pero a 10 minutos de Vic y con acceso muy c\u00f3modo.<\/p>\n<p>[\/vc_column_text][vc_empty_space height=\u00bb50&#8243;][vc_column_text css=\u00bb\u00bb]<\/p>\n<h3 style=\"text-align: left;\">Fechas<\/h3>\n<p>[\/vc_column_text][vc_separator type=\u00bbnormal\u00bb color=\u00bb#821A19&#8243; thickness=\u00bb1&#8243; up=\u00bb15&#8243; down=\u00bb15&#8243;][vc_row_inner row_type=\u00bbrow\u00bb type=\u00bbfull_width\u00bb text_align=\u00bbright\u00bb css_animation=\u00bb\u00bb][vc_column_inner width=\u00bb1\/2&#8243;][vc_column_text css=\u00bb\u00bb][\/vc_column_text][vc_column_text css=\u00bb\u00bb]<\/p>\n<p style=\"text-align: left;\"><strong>Taller Filosof\u00eda y pr\u00e1ctica del Yoga<\/strong><br \/>\nDomingo 1\/12\/24<br \/>\n10 a 12.30 h.<br \/>\nIoganur (Ripoll).<\/p>\n<p>[\/vc_column_text][vc_empty_space height=\u00bb25&#8243;][\/vc_column_inner][vc_column_inner width=\u00bb1\/2&#8243;]<a  itemprop=\"url\" href=\"\/wp-content\/uploads\/2024\/11\/2024-taller-filosofia-i-practica-del-yoga.pdf\" target=\"_blank\"  class=\"qbutton  default\" style=\"\">+INFO<\/a>[vc_empty_space height=\u00bb10&#8243;]<a  itemprop=\"url\" href=\"\/es\/producte\/taller-filosofia-y-practica-del-yoga\/\" target=\"_self\"  class=\"qbutton  default\" style=\"\">\u00a1ME APUNTO!<\/a>[\/vc_column_inner][\/vc_row_inner][vc_separator type=\u00bbnormal\u00bb color=\u00bb#821A19&#8243; thickness=\u00bb1&#8243; up=\u00bb15&#8243; down=\u00bb15&#8243;][\/qode_elements_holder_item][\/qode_elements_holder][vc_empty_space height=\u00bb50&#8243;][\/vc_column][\/vc_row][vc_row css_animation=\u00bb\u00bb row_type=\u00bbrow\u00bb use_row_as_full_screen_section=\u00bbno\u00bb type=\u00bbfull_width\u00bb angled_section=\u00bbno\u00bb text_align=\u00bbleft\u00bb background_image_as_pattern=\u00bbwithout_pattern\u00bb][vc_column][vc_gallery type=\u00bbimage_grid\u00bb images=\u00bb563,565,567,569,571,573&#8243; img_size=\u00bbfull\u00bb css=\u00bb\u00bb column_number=\u00bb6&#8243; grayscale=\u00bbno\u00bb images_space=\u00bbgallery_without_space\u00bb][\/vc_column][\/vc_row]<\/p>\n<\/div>","protected":false},"excerpt":{"rendered":"<p>[vc_row css_animation=\u00bb\u00bb row_type=\u00bbrow\u00bb use_row_as_full_screen_section=\u00bbno\u00bb type=\u00bbfull_width\u00bb angled_section=\u00bbno\u00bb text_align=\u00bbcenter\u00bb background_image_as_pattern=\u00bbwithout_pattern\u00bb z_index=\u00bb\u00bb background_image=\u00bb386&#8243; background_color=\u00bb#000000&#8243;][vc_column][vc_single_image image=\u00bb408&#8243; img_size=\u00bbfull\u00bb alignment=\u00bbcenter\u00bb css=\u00bb\u00bb qode_css_animation=\u00bb\u00bb][\/vc_column][\/vc_row][vc_row css_animation=\u00bb\u00bb row_type=\u00bbrow\u00bb use_row_as_full_screen_section=\u00bbno\u00bb type=\u00bbgrid\u00bb angled_section=\u00bbno\u00bb text_align=\u00bbleft\u00bb background_image_as_pattern=\u00bbwithout_pattern\u00bb z_index=\u00bb\u00bb padding_top=\u00bb10&#8243;][vc_column][vc_column_text css=\u00bb\u00bb] Inicio \/\/ Cursos, formaciones, talleres, jornadas, clases y retiros de Yoga [\/vc_column_text][\/vc_column][\/vc_row][vc_row css_animation=\u00bb\u00bb row_type=\u00bbrow\u00bb use_row_as_full_screen_section=\u00bbno\u00bb type=\u00bbgrid\u00bb angled_section=\u00bbno\u00bb text_align=\u00bbleft\u00bb background_image_as_pattern=\u00bbwithout_pattern\u00bb&hellip; <a class=\"continue\" href=\"https:\/\/www.pranamyogaescola.com\/es\/cursos-talleres-y-retiros\/\">CONTINUAR >><span> Cursos, talleres y retiros<\/span><\/a><\/p>\n","protected":false},"author":1,"featured_media":0,"parent":0,"menu_order":0,"comment_status":"closed","ping_status":"closed","template":"full_width.php","meta":{"footnotes":""},"class_list":["post-859","page","type-page","status-publish","hentry"],"_links":{"self":[{"href":"https:\/\/www.pranamyogaescola.com\/es\/wp-json\/wp\/v2\/pages\/859","targetHints":{"allow":["GET"]}}],"collection":[{"href":"https:\/\/www.pranamyogaescola.com\/es\/wp-json\/wp\/v2\/pages"}],"about":[{"href":"https:\/\/www.pranamyogaescola.com\/es\/wp-json\/wp\/v2\/types\/page"}],"author":[{"embeddable":true,"href":"https:\/\/www.pranamyogaescola.com\/es\/wp-json\/wp\/v2\/users\/1"}],"replies":[{"embeddable":true,"href":"https:\/\/www.pranamyogaescola.com\/es\/wp-json\/wp\/v2\/comments?post=859"}],"version-history":[{"count":5,"href":"https:\/\/www.pranamyogaescola.com\/es\/wp-json\/wp\/v2\/pages\/859\/revisions"}],"predecessor-version":[{"id":927,"href":"https:\/\/www.pranamyogaescola.com\/es\/wp-json\/wp\/v2\/pages\/859\/revisions\/927"}],"wp:attachment":[{"href":"https:\/\/www.pranamyogaescola.com\/es\/wp-json\/wp\/v2\/media?parent=859"}],"curies":[{"name":"wp","href":"https:\/\/api.w.org\/{rel}","templated":true}]}}