{"id":865,"date":"2024-11-07T14:09:16","date_gmt":"2024-11-07T12:09:16","guid":{"rendered":"https:\/\/www.pranamyogaescola.com\/?page_id=865"},"modified":"2025-01-09T13:34:13","modified_gmt":"2025-01-09T11:34:13","slug":"tienda","status":"publish","type":"page","link":"https:\/\/www.pranamyogaescola.com\/es\/tienda\/","title":{"rendered":"Tienda"},"content":{"rendered":"<div class=\"wpb-content-wrapper\"><p>[vc_row css_animation=\u00bb\u00bb row_type=\u00bbrow\u00bb use_row_as_full_screen_section=\u00bbno\u00bb type=\u00bbfull_width\u00bb angled_section=\u00bbno\u00bb text_align=\u00bbleft\u00bb background_image_as_pattern=\u00bbwithout_pattern\u00bb][vc_column][vc_single_image image=\u00bb578&#8243; img_size=\u00bbfull\u00bb alignment=\u00bbcenter\u00bb css=\u00bb\u00bb qode_css_animation=\u00bb\u00bb][\/vc_column][\/vc_row][vc_row css_animation=\u00bb\u00bb row_type=\u00bbrow\u00bb use_row_as_full_screen_section=\u00bbno\u00bb type=\u00bbgrid\u00bb angled_section=\u00bbno\u00bb text_align=\u00bbleft\u00bb background_image_as_pattern=\u00bbwithout_pattern\u00bb z_index=\u00bb\u00bb padding_top=\u00bb10&#8243;][vc_column][vc_column_text css=\u00bb\u00bb]<\/p>\n<p style=\"text-align: right;\"><a href=\"\/es\">Inicio<\/a> \/\/ <strong>Tienda<\/strong><\/p>\n<p>[\/vc_column_text][\/vc_column][\/vc_row][vc_row css_animation=\u00bb\u00bb row_type=\u00bbrow\u00bb use_row_as_full_screen_section=\u00bbno\u00bb type=\u00bbgrid\u00bb angled_section=\u00bbno\u00bb text_align=\u00bbleft\u00bb background_image_as_pattern=\u00bbwithout_pattern\u00bb padding_top=\u00bb50&#8243; padding_bottom=\u00bb50&#8243; z_index=\u00bb\u00bb anchor=\u00bbinici\u00bb][vc_column width=\u00bb1\/3&#8243;]<div class=\"custom_font_holder \" style=\"font-family: Roboto; font-style: normal; font-weight: 600; color: #821A19; text-decoration: none; text-align: left; --qode-cf-font-size: 18px; --qode-cf-line-height: 26px; --qode-cf-font-size-1440: 18px; --qode-cf-line-height-1440: 26px; --qode-cf-font-size-1366: 18px; --qode-cf-line-height-1366: 26px; --qode-cf-font-size-1280: 18px; --qode-cf-line-height-1280: 26px; --qode-cf-font-size-1024: 18px; --qode-cf-line-height-1024: 26px; --qode-cf-font-size-768: 18px; --qode-cf-line-height-768: 26px; --qode-cf-font-size-680: 18px; --qode-cf-line-height-680: 26px; --qode-cf-font-size-480: 18px; --qode-cf-line-height-480: 26px;\">EQUILIBRIO Y BIENESTAR A CADA PASO<\/div>[vc_empty_space height=\u00bb12px\u00bb][vc_column_text css=\u00bb\u00bb]<\/p>\n<h1>Pranam Yoga:<br \/>\nbienestar f\u00edsico y mental para todos!<\/h1>\n<p>[\/vc_column_text][vc_empty_space height=\u00bb25&#8243;][vc_column_text css=\u00bb\u00bb]Ac\u00e9rcate a la felicidad aut\u00e9ntica a trav\u00e9s del Yoga, un viaje de autoconocimiento que te conecta con tu ser interior y te gu\u00eda hacia una vida m\u00e1s calmada, consciente y equilibrada.[\/vc_column_text][vc_empty_space height=\u00bb25&#8243;]<a  itemprop=\"url\" href=\"\/es\/cursos-talleres-y-retiros\/\" target=\"_self\"  class=\"qbutton  default\" style=\"\">Explora nuestros cursos<\/a>[vc_empty_space height=\u00bb75&#8243;][\/vc_column][vc_column width=\u00bb2\/3&#8243;]<div class=\"woocommerce columns-2 \"><ul class=\"products\">\n\t<li class=\"product type-product post-876 status-publish first instock product_cat-sense-categoria has-post-thumbnail downloadable virtual taxable purchasable product-type-simple\">\n\t\t\n    <div class=\"top-product-section\">\n\n        <a itemprop=\"url\" href=\"https:\/\/www.pranamyogaescola.com\/es\/producte\/curso-filosofia-del-yoga-la-bhagavad-gita\/\" class=\"product-category\">\n            <span class=\"image-wrapper\">\n            <img loading=\"lazy\" decoding=\"async\" width=\"400\" height=\"400\" src=\"https:\/\/www.pranamyogaescola.com\/wp-content\/uploads\/2024\/11\/pranam-yoga-botiga-2024-2025-curs-filosofia-yoga-1.png\" class=\"attachment-woocommerce_thumbnail size-woocommerce_thumbnail\" alt=\"Curs Filosofia del Yoga: La Bhagavad Gita\" srcset=\"https:\/\/www.pranamyogaescola.com\/wp-content\/uploads\/2024\/11\/pranam-yoga-botiga-2024-2025-curs-filosofia-yoga-1.png 400w, https:\/\/www.pranamyogaescola.com\/wp-content\/uploads\/2024\/11\/pranam-yoga-botiga-2024-2025-curs-filosofia-yoga-1-300x300.png 300w, https:\/\/www.pranamyogaescola.com\/wp-content\/uploads\/2024\/11\/pranam-yoga-botiga-2024-2025-curs-filosofia-yoga-1-150x150.png 150w, https:\/\/www.pranamyogaescola.com\/wp-content\/uploads\/2024\/11\/pranam-yoga-botiga-2024-2025-curs-filosofia-yoga-1-100x100.png 100w\" sizes=\"auto, (max-width: 400px) 100vw, 400px\" \/>            <\/span>\n        <\/a>\n\n\t\t<span class=\"add-to-cart-button-outer\"><span class=\"add-to-cart-button-inner\"><a href=\"\/es\/wp-json\/wp\/v2\/pages\/865?add-to-cart=876\" aria-describedby=\"woocommerce_loop_add_to_cart_link_describedby_876\" data-quantity=\"1\" class=\"button product_type_simple add_to_cart_button ajax_add_to_cart qbutton add-to-cart-button\" data-product_id=\"876\" data-product_sku=\"\" aria-label=\"A\u00f1adir al carrito: &ldquo;Curso Filosof\u00eda del Yoga: La Bhagavad G\u012bta&rdquo;\" rel=\"nofollow\" data-success_message=\"\u00abCurso Filosof\u00eda del Yoga: La Bhagavad G\u012bta\u00bb se ha a\u00f1adido a tu carrito\" role=\"button\">A\u00f1adir al carrito<\/a><\/span><\/span>\t<span id=\"woocommerce_loop_add_to_cart_link_describedby_876\" class=\"screen-reader-text\">\n\t\t\t<\/span>\n\n    <\/div>\n        <a itemprop=\"url\" href=\"https:\/\/www.pranamyogaescola.com\/es\/producte\/curso-filosofia-del-yoga-la-bhagavad-gita\/\" class=\"product-category product-info\">\n        <h6 itemprop=\"name\">Curso Filosof\u00eda del Yoga: La Bhagavad G\u012bta<\/h6>\n\n        \n        \n\t<span class=\"price\"><span class=\"woocommerce-Price-amount amount\"><bdi>179,00&nbsp;<span class=\"woocommerce-Price-currencySymbol\">&euro;<\/span><\/bdi><\/span><\/span>\n    <\/a>\n\n    \n<\/li>\n\t<li class=\"product type-product post-874 status-publish last instock product_cat-sense-categoria has-post-thumbnail virtual taxable purchasable product-type-simple\">\n\t\t\n    <div class=\"top-product-section\">\n\n        <a itemprop=\"url\" href=\"https:\/\/www.pranamyogaescola.com\/es\/producte\/formacion-de-yoga-tradicional\/\" class=\"product-category\">\n            <span class=\"image-wrapper\">\n            <img loading=\"lazy\" decoding=\"async\" width=\"400\" height=\"400\" src=\"https:\/\/www.pranamyogaescola.com\/wp-content\/uploads\/2024\/11\/pranam-yoga-botiga-2024-2025-formacio-yoga-tradicional.png\" class=\"attachment-woocommerce_thumbnail size-woocommerce_thumbnail\" alt=\"Formaci\u00f3 de Yoga tradicional de 200h\" srcset=\"https:\/\/www.pranamyogaescola.com\/wp-content\/uploads\/2024\/11\/pranam-yoga-botiga-2024-2025-formacio-yoga-tradicional.png 400w, https:\/\/www.pranamyogaescola.com\/wp-content\/uploads\/2024\/11\/pranam-yoga-botiga-2024-2025-formacio-yoga-tradicional-300x300.png 300w, https:\/\/www.pranamyogaescola.com\/wp-content\/uploads\/2024\/11\/pranam-yoga-botiga-2024-2025-formacio-yoga-tradicional-150x150.png 150w, https:\/\/www.pranamyogaescola.com\/wp-content\/uploads\/2024\/11\/pranam-yoga-botiga-2024-2025-formacio-yoga-tradicional-100x100.png 100w\" sizes=\"auto, (max-width: 400px) 100vw, 400px\" \/>            <\/span>\n        <\/a>\n\n\t\t<span class=\"add-to-cart-button-outer\"><span class=\"add-to-cart-button-inner\"><a href=\"\/es\/wp-json\/wp\/v2\/pages\/865?add-to-cart=874\" aria-describedby=\"woocommerce_loop_add_to_cart_link_describedby_874\" data-quantity=\"1\" class=\"button product_type_simple add_to_cart_button ajax_add_to_cart qbutton add-to-cart-button\" data-product_id=\"874\" data-product_sku=\"\" aria-label=\"A\u00f1adir al carrito: &ldquo;Formaci\u00f3n de Yoga tradicional&rdquo;\" rel=\"nofollow\" data-success_message=\"\u00abFormaci\u00f3n de Yoga tradicional\u00bb se ha a\u00f1adido a tu carrito\" role=\"button\">A\u00f1adir al carrito<\/a><\/span><\/span>\t<span id=\"woocommerce_loop_add_to_cart_link_describedby_874\" class=\"screen-reader-text\">\n\t\t\t<\/span>\n\n    <\/div>\n        <a itemprop=\"url\" href=\"https:\/\/www.pranamyogaescola.com\/es\/producte\/formacion-de-yoga-tradicional\/\" class=\"product-category product-info\">\n        <h6 itemprop=\"name\">Formaci\u00f3n de Yoga tradicional<\/h6>\n\n        \n        \n\t<span class=\"price\"><span class=\"woocommerce-Price-amount amount\"><bdi>395,00&nbsp;<span class=\"woocommerce-Price-currencySymbol\">&euro;<\/span><\/bdi><\/span><\/span>\n    <\/a>\n\n    \n<\/li>\n\t<li class=\"product type-product post-872 status-publish first instock product_cat-sense-categoria has-post-thumbnail virtual taxable purchasable product-type-simple\">\n\t\t\n    <div class=\"top-product-section\">\n\n        <a itemprop=\"url\" href=\"https:\/\/www.pranamyogaescola.com\/es\/producte\/retiro-de-yoga-mayo-de-2025\/\" class=\"product-category\">\n            <span class=\"image-wrapper\">\n            <img loading=\"lazy\" decoding=\"async\" width=\"400\" height=\"400\" src=\"https:\/\/www.pranamyogaescola.com\/wp-content\/uploads\/2024\/11\/pranam-yoga-botiga-2025-retir-de-yoga-1.png\" class=\"attachment-woocommerce_thumbnail size-woocommerce_thumbnail\" alt=\"Retir de Yoga\" srcset=\"https:\/\/www.pranamyogaescola.com\/wp-content\/uploads\/2024\/11\/pranam-yoga-botiga-2025-retir-de-yoga-1.png 400w, https:\/\/www.pranamyogaescola.com\/wp-content\/uploads\/2024\/11\/pranam-yoga-botiga-2025-retir-de-yoga-1-300x300.png 300w, https:\/\/www.pranamyogaescola.com\/wp-content\/uploads\/2024\/11\/pranam-yoga-botiga-2025-retir-de-yoga-1-150x150.png 150w, https:\/\/www.pranamyogaescola.com\/wp-content\/uploads\/2024\/11\/pranam-yoga-botiga-2025-retir-de-yoga-1-100x100.png 100w\" sizes=\"auto, (max-width: 400px) 100vw, 400px\" \/>            <\/span>\n        <\/a>\n\n\t\t<span class=\"add-to-cart-button-outer\"><span class=\"add-to-cart-button-inner\"><a href=\"\/es\/wp-json\/wp\/v2\/pages\/865?add-to-cart=872\" aria-describedby=\"woocommerce_loop_add_to_cart_link_describedby_872\" data-quantity=\"1\" class=\"button product_type_simple add_to_cart_button ajax_add_to_cart qbutton add-to-cart-button\" data-product_id=\"872\" data-product_sku=\"\" aria-label=\"A\u00f1adir al carrito: &ldquo;Retiro de Yoga (mayo de 2025)&rdquo;\" rel=\"nofollow\" data-success_message=\"\u00abRetiro de Yoga (mayo de 2025)\u00bb se ha a\u00f1adido a tu carrito\" role=\"button\">A\u00f1adir al carrito<\/a><\/span><\/span>\t<span id=\"woocommerce_loop_add_to_cart_link_describedby_872\" class=\"screen-reader-text\">\n\t\t\t<\/span>\n\n    <\/div>\n        <a itemprop=\"url\" href=\"https:\/\/www.pranamyogaescola.com\/es\/producte\/retiro-de-yoga-mayo-de-2025\/\" class=\"product-category product-info\">\n        <h6 itemprop=\"name\">Retiro de Yoga (mayo de 2025)<\/h6>\n\n        \n        \n\t<span class=\"price\"><span class=\"woocommerce-Price-amount amount\"><bdi>280,00&nbsp;<span class=\"woocommerce-Price-currencySymbol\">&euro;<\/span><\/bdi><\/span><\/span>\n    <\/a>\n\n    \n<\/li>\n\t<li class=\"product type-product post-868 status-publish last instock product_cat-sense-categoria has-post-thumbnail virtual taxable purchasable product-type-simple\">\n\t\t\n    <div class=\"top-product-section\">\n\n        <a itemprop=\"url\" href=\"https:\/\/www.pranamyogaescola.com\/es\/producte\/taller-filosofia-y-practica-del-yoga\/\" class=\"product-category\">\n            <span class=\"image-wrapper\">\n            <img loading=\"lazy\" decoding=\"async\" width=\"400\" height=\"400\" src=\"https:\/\/www.pranamyogaescola.com\/wp-content\/uploads\/2024\/11\/pranam-yoga-botiga-2025-taller-filosofia-i-practica-del-yoga.png\" class=\"attachment-woocommerce_thumbnail size-woocommerce_thumbnail\" alt=\"Taller Filosof\u00eda y pr\u00e1ctica del Yoga\" srcset=\"https:\/\/www.pranamyogaescola.com\/wp-content\/uploads\/2024\/11\/pranam-yoga-botiga-2025-taller-filosofia-i-practica-del-yoga.png 400w, https:\/\/www.pranamyogaescola.com\/wp-content\/uploads\/2024\/11\/pranam-yoga-botiga-2025-taller-filosofia-i-practica-del-yoga-300x300.png 300w, https:\/\/www.pranamyogaescola.com\/wp-content\/uploads\/2024\/11\/pranam-yoga-botiga-2025-taller-filosofia-i-practica-del-yoga-150x150.png 150w, https:\/\/www.pranamyogaescola.com\/wp-content\/uploads\/2024\/11\/pranam-yoga-botiga-2025-taller-filosofia-i-practica-del-yoga-100x100.png 100w\" sizes=\"auto, (max-width: 400px) 100vw, 400px\" \/>            <\/span>\n        <\/a>\n\n\t\t<span class=\"add-to-cart-button-outer\"><span class=\"add-to-cart-button-inner\"><a href=\"\/es\/wp-json\/wp\/v2\/pages\/865?add-to-cart=868\" aria-describedby=\"woocommerce_loop_add_to_cart_link_describedby_868\" data-quantity=\"1\" class=\"button product_type_simple add_to_cart_button ajax_add_to_cart qbutton add-to-cart-button\" data-product_id=\"868\" data-product_sku=\"\" aria-label=\"A\u00f1adir al carrito: &ldquo;Taller Filosof\u00eda y pr\u00e1ctica del Yoga&rdquo;\" rel=\"nofollow\" data-success_message=\"\u00abTaller Filosof\u00eda y pr\u00e1ctica del Yoga\u00bb se ha a\u00f1adido a tu carrito\" role=\"button\">A\u00f1adir al carrito<\/a><\/span><\/span>\t<span id=\"woocommerce_loop_add_to_cart_link_describedby_868\" class=\"screen-reader-text\">\n\t\t\t<\/span>\n\n    <\/div>\n        <a itemprop=\"url\" href=\"https:\/\/www.pranamyogaescola.com\/es\/producte\/taller-filosofia-y-practica-del-yoga\/\" class=\"product-category product-info\">\n        <h6 itemprop=\"name\">Taller Filosof\u00eda y pr\u00e1ctica del Yoga<\/h6>\n\n        \n        \n\t<span class=\"price\"><span class=\"woocommerce-Price-amount amount\"><bdi>27,00&nbsp;<span class=\"woocommerce-Price-currencySymbol\">&euro;<\/span><\/bdi><\/span><\/span>\n    <\/a>\n\n    \n<\/li><\/ul>\n<\/div>[\/vc_column][\/vc_row]<\/p>\n<\/div>","protected":false},"excerpt":{"rendered":"<p>[vc_row css_animation=\u00bb\u00bb row_type=\u00bbrow\u00bb use_row_as_full_screen_section=\u00bbno\u00bb type=\u00bbfull_width\u00bb angled_section=\u00bbno\u00bb text_align=\u00bbleft\u00bb background_image_as_pattern=\u00bbwithout_pattern\u00bb][vc_column][vc_single_image image=\u00bb578&#8243; img_size=\u00bbfull\u00bb alignment=\u00bbcenter\u00bb css=\u00bb\u00bb qode_css_animation=\u00bb\u00bb][\/vc_column][\/vc_row][vc_row css_animation=\u00bb\u00bb row_type=\u00bbrow\u00bb use_row_as_full_screen_section=\u00bbno\u00bb type=\u00bbgrid\u00bb angled_section=\u00bbno\u00bb text_align=\u00bbleft\u00bb background_image_as_pattern=\u00bbwithout_pattern\u00bb z_index=\u00bb\u00bb padding_top=\u00bb10&#8243;][vc_column][vc_column_text css=\u00bb\u00bb] Inicio \/\/ Tienda [\/vc_column_text][\/vc_column][\/vc_row][vc_row css_animation=\u00bb\u00bb row_type=\u00bbrow\u00bb use_row_as_full_screen_section=\u00bbno\u00bb type=\u00bbgrid\u00bb angled_section=\u00bbno\u00bb text_align=\u00bbleft\u00bb background_image_as_pattern=\u00bbwithout_pattern\u00bb padding_top=\u00bb50&#8243; padding_bottom=\u00bb50&#8243; z_index=\u00bb\u00bb anchor=\u00bbinici\u00bb][vc_column width=\u00bb1\/3&#8243;][vc_empty_space height=\u00bb12px\u00bb][vc_column_text css=\u00bb\u00bb] Pranam Yoga: bienestar f\u00edsico&hellip; <a class=\"continue\" href=\"https:\/\/www.pranamyogaescola.com\/es\/producte\/taller-filosofia-y-practica-del-yoga\/\">CONTINUAR >><span> Taller Filosof\u00eda y pr\u00e1ctica del Yoga<\/span><\/a><\/p>\n","protected":false},"author":1,"featured_media":0,"parent":0,"menu_order":0,"comment_status":"closed","ping_status":"closed","template":"full_width.php","meta":{"footnotes":""},"class_list":["post-865","page","type-page","status-publish","hentry"],"_links":{"self":[{"href":"https:\/\/www.pranamyogaescola.com\/es\/wp-json\/wp\/v2\/pages\/865","targetHints":{"allow":["GET"]}}],"collection":[{"href":"https:\/\/www.pranamyogaescola.com\/es\/wp-json\/wp\/v2\/pages"}],"about":[{"href":"https:\/\/www.pranamyogaescola.com\/es\/wp-json\/wp\/v2\/types\/page"}],"author":[{"embeddable":true,"href":"https:\/\/www.pranamyogaescola.com\/es\/wp-json\/wp\/v2\/users\/1"}],"replies":[{"embeddable":true,"href":"https:\/\/www.pranamyogaescola.com\/es\/wp-json\/wp\/v2\/comments?post=865"}],"version-history":[{"count":2,"href":"https:\/\/www.pranamyogaescola.com\/es\/wp-json\/wp\/v2\/pages\/865\/revisions"}],"predecessor-version":[{"id":928,"href":"https:\/\/www.pranamyogaescola.com\/es\/wp-json\/wp\/v2\/pages\/865\/revisions\/928"}],"wp:attachment":[{"href":"https:\/\/www.pranamyogaescola.com\/es\/wp-json\/wp\/v2\/media?parent=865"}],"curies":[{"name":"wp","href":"https:\/\/api.w.org\/{rel}","templated":true}]}}