{"id":893,"date":"2024-10-23T19:10:34","date_gmt":"2024-10-23T17:10:34","guid":{"rendered":"https:\/\/www.pranamyogaescola.com\/?page_id=893"},"modified":"2025-01-09T13:34:54","modified_gmt":"2025-01-09T11:34:54","slug":"cesta","status":"publish","type":"page","link":"https:\/\/www.pranamyogaescola.com\/es\/tienda\/cesta\/","title":{"rendered":"Cesta"},"content":{"rendered":"<div class=\"wpb-content-wrapper\"><p>[vc_row css_animation=\u00bb\u00bb row_type=\u00bbrow\u00bb use_row_as_full_screen_section=\u00bbno\u00bb type=\u00bbgrid\u00bb angled_section=\u00bbno\u00bb text_align=\u00bbleft\u00bb background_image_as_pattern=\u00bbwithout_pattern\u00bb z_index=\u00bb\u00bb padding_top=\u00bb30&#8243;][vc_column][vc_column_text css=\u00bb\u00bb]<\/p>\n<p style=\"text-align: right;\"><a href=\"\/es\">Inicio<\/a> \/\/ <a href=\"\/es\/tienda\">Tienda<\/a> \/\/ <strong>Cesta de la compra<\/strong><\/p>\n<p>[\/vc_column_text][\/vc_column][\/vc_row][vc_row css_animation=\u00bb\u00bb row_type=\u00bbrow\u00bb use_row_as_full_screen_section=\u00bbno\u00bb type=\u00bbgrid\u00bb angled_section=\u00bbno\u00bb text_align=\u00bbleft\u00bb background_image_as_pattern=\u00bbwithout_pattern\u00bb z_index=\u00bb\u00bb padding_top=\u00bb50&#8243; padding_bottom=\u00bb25&#8243; anchor=\u00bbinici\u00bb][vc_column][vc_column_text css=\u00bb\u00bb]<\/p>\n<h1>Cesta de la compra<\/h1>\n<p>[\/vc_column_text][vc_empty_space height=\u00bb25&#8243;]<a  itemprop=\"url\" href=\"\/es\/tienda\/\" target=\"_self\"  class=\"qbutton  default\" style=\"\">Seguir comprando<\/a>[vc_empty_space height=\u00bb50&#8243;][\/vc_column][\/vc_row][vc_row css_animation=\u00bb\u00bb row_type=\u00bbrow\u00bb use_row_as_full_screen_section=\u00bbno\u00bb type=\u00bbgrid\u00bb angled_section=\u00bbno\u00bb text_align=\u00bbleft\u00bb background_image_as_pattern=\u00bbwithout_pattern\u00bb css=\u00bb.vc_custom_1731080930871{background-color: #FFF5E5 !important;}\u00bb z_index=\u00bb\u00bb padding_top=\u00bb75&#8243; padding_bottom=\u00bb75&#8243;][vc_column][vc_column_text css=\u00bb\u00bb]<\/p>\n<h2>Condiciones de compra<\/h2>\n<p>[\/vc_column_text][vc_empty_space height=\u00bb50&#8243;][vc_column_text css=\u00bb\u00bb]<\/p>\n<ol>\n<li style=\"list-style-type: none;\">\n<ol>\n<li style=\"list-style-type: none;\">\n<ol>\n<li><strong>Objeto y \u00c1mbito de Aplicaci\u00f3n<\/strong> Estas condiciones generales regulan la compra de cursos online de yoga en la tienda de la Escuela de Yoga Pranam. Al adquirir cualquier curso, el usuario acepta plenamente estas condiciones.<\/li>\n<li><strong>Informaci\u00f3n de los Productos<\/strong> En cada curso se especifica la informaci\u00f3n esencial, incluyendo descripciones, duraci\u00f3n y contenidos. Nos esforzamos por mantener las descripciones actualizadas y exactas, pero pueden haber modificaciones que no alteran la calidad o finalidad del curso.<\/li>\n<li><strong>Proceso de Compra<\/strong>\n<ul>\n<li>El usuario debe seleccionar el curso deseado, a\u00f1adirlo al carrito y seguir el proceso de pago.<\/li>\n<li>Para completar la compra, se deber\u00e1 proporcionar una direcci\u00f3n de correo electr\u00f3nico v\u00e1lida, donde se recibir\u00e1 la informaci\u00f3n para acceder al curso.<\/li>\n<\/ul>\n<\/li>\n<li><strong>Pago y Confirmaci\u00f3n<\/strong>\n<ul>\n<li>Los pagos se realizan de forma segura mediante las opciones que ofrece nuestra plataforma.<\/li>\n<li>Una vez completado el pago, el usuario recibir\u00e1 un correo electr\u00f3nico de confirmaci\u00f3n con el acceso al curso.<\/li>\n<li>Los precios pueden estar sujetos a cambios sin previo aviso; las compras realizadas antes del cambio no se ver\u00e1n afectadas.<\/li>\n<\/ul>\n<\/li>\n<li><strong>Pol\u00edtica de Cancelaci\u00f3n y Reembolso<\/strong>\n<ul>\n<li>Dada la naturaleza digital de los cursos, no se aceptan reembolsos una vez se ha accedido al material.<\/li>\n<li>En caso de incidencias o problemas t\u00e9cnicos que impidan el acceso al curso, nos comprometemos a solucionarlo o, en su defecto, a ofrecer un reembolso.<\/li>\n<\/ul>\n<\/li>\n<li><strong>Derechos de Uso y Propiedad Intelectual<\/strong>\n<ul>\n<li>Los cursos y todo su contenido est\u00e1n protegidos por derechos de autor. El usuario adquiere una licencia personal e intransferible para acceder a los materiales.<\/li>\n<li>No se permite la reproducci\u00f3n, distribuci\u00f3n, o uso comercial de los materiales sin autorizaci\u00f3n previa.<\/li>\n<\/ul>\n<\/li>\n<li><strong>Limitaci\u00f3n de Responsabilidad<\/strong>\n<ul>\n<li>La Escuela de Yoga Pranam no se hace responsable del uso incorrecto del material por parte del usuario ni del efecto de las pr\u00e1cticas descritas en los cursos.<\/li>\n<li>El usuario es responsable de consultar con un profesional m\u00e9dico antes de iniciar cualquier pr\u00e1ctica f\u00edsica.<\/li>\n<\/ul>\n<\/li>\n<li><strong>Modificaciones y Vigencia<\/strong> Estas condiciones se pueden actualizar para adaptarse a nuevas normativas o servicios. Las modificaciones ser\u00e1n publicadas en esta misma p\u00e1gina y aplicables a partir de la fecha de publicaci\u00f3n.<\/li>\n<\/ol>\n<\/li>\n<\/ol>\n<\/li>\n<\/ol>\n<p>&nbsp;<\/p>\n<p>Por cualquier duda, puedes contactar con nosotros a trav\u00e9s del correo electr\u00f3nico de la Escuela de Yoga Pranam.[\/vc_column_text][\/vc_column][\/vc_row]<\/p>\n<\/div>","protected":false},"excerpt":{"rendered":"<p>[vc_row css_animation=\u00bb\u00bb row_type=\u00bbrow\u00bb use_row_as_full_screen_section=\u00bbno\u00bb type=\u00bbgrid\u00bb angled_section=\u00bbno\u00bb text_align=\u00bbleft\u00bb background_image_as_pattern=\u00bbwithout_pattern\u00bb z_index=\u00bb\u00bb padding_top=\u00bb30&#8243;][vc_column][vc_column_text css=\u00bb\u00bb] Inicio \/\/ Tienda \/\/ Cesta de la compra [\/vc_column_text][\/vc_column][\/vc_row][vc_row css_animation=\u00bb\u00bb row_type=\u00bbrow\u00bb use_row_as_full_screen_section=\u00bbno\u00bb type=\u00bbgrid\u00bb angled_section=\u00bbno\u00bb text_align=\u00bbleft\u00bb background_image_as_pattern=\u00bbwithout_pattern\u00bb z_index=\u00bb\u00bb padding_top=\u00bb50&#8243; padding_bottom=\u00bb25&#8243; anchor=\u00bbinici\u00bb][vc_column][vc_column_text css=\u00bb\u00bb] Cesta de la compra [\/vc_column_text][vc_empty_space height=\u00bb25&#8243;][vc_empty_space height=\u00bb50&#8243;][\/vc_column][\/vc_row][vc_row css_animation=\u00bb\u00bb row_type=\u00bbrow\u00bb use_row_as_full_screen_section=\u00bbno\u00bb type=\u00bbgrid\u00bb angled_section=\u00bbno\u00bb text_align=\u00bbleft\u00bb&hellip; <a class=\"continue\" href=\"https:\/\/www.pranamyogaescola.com\/es\/tienda\/cesta\/\">CONTINUAR >><span> Cesta<\/span><\/a><\/p>\n","protected":false},"author":1,"featured_media":0,"parent":865,"menu_order":0,"comment_status":"closed","ping_status":"closed","template":"full_width.php","meta":{"footnotes":""},"class_list":["post-893","page","type-page","status-publish","hentry"],"_links":{"self":[{"href":"https:\/\/www.pranamyogaescola.com\/es\/wp-json\/wp\/v2\/pages\/893","targetHints":{"allow":["GET"]}}],"collection":[{"href":"https:\/\/www.pranamyogaescola.com\/es\/wp-json\/wp\/v2\/pages"}],"about":[{"href":"https:\/\/www.pranamyogaescola.com\/es\/wp-json\/wp\/v2\/types\/page"}],"author":[{"embeddable":true,"href":"https:\/\/www.pranamyogaescola.com\/es\/wp-json\/wp\/v2\/users\/1"}],"replies":[{"embeddable":true,"href":"https:\/\/www.pranamyogaescola.com\/es\/wp-json\/wp\/v2\/comments?post=893"}],"version-history":[{"count":2,"href":"https:\/\/www.pranamyogaescola.com\/es\/wp-json\/wp\/v2\/pages\/893\/revisions"}],"predecessor-version":[{"id":929,"href":"https:\/\/www.pranamyogaescola.com\/es\/wp-json\/wp\/v2\/pages\/893\/revisions\/929"}],"up":[{"embeddable":true,"href":"https:\/\/www.pranamyogaescola.com\/es\/wp-json\/wp\/v2\/pages\/865"}],"wp:attachment":[{"href":"https:\/\/www.pranamyogaescola.com\/es\/wp-json\/wp\/v2\/media?parent=893"}],"curies":[{"name":"wp","href":"https:\/\/api.w.org\/{rel}","templated":true}]}}