{"id":899,"date":"2024-11-08T17:02:26","date_gmt":"2024-11-08T15:02:26","guid":{"rendered":"https:\/\/www.pranamyogaescola.com\/?page_id=899"},"modified":"2025-01-09T13:36:49","modified_gmt":"2025-01-09T11:36:49","slug":"catalogo","status":"publish","type":"page","link":"https:\/\/www.pranamyogaescola.com\/es\/catalogo\/","title":{"rendered":"Cat\u00e1logo"},"content":{"rendered":"<div class=\"wpb-content-wrapper\"><p>[vc_row css_animation=\u00bb\u00bb row_type=\u00bbrow\u00bb use_row_as_full_screen_section=\u00bbno\u00bb type=\u00bbgrid\u00bb angled_section=\u00bbno\u00bb text_align=\u00bbleft\u00bb background_image_as_pattern=\u00bbwithout_pattern\u00bb z_index=\u00bb\u00bb padding_top=\u00bb30&#8243;][vc_column][vc_column_text css=\u00bb\u00bb]<\/p>\n<p style=\"text-align: right;\"><a href=\"\/es\">Inicio<\/a> \/\/ <strong>Tienda<\/strong><\/p>\n<p>[\/vc_column_text][\/vc_column][\/vc_row][vc_row css_animation=\u00bb\u00bb row_type=\u00bbrow\u00bb use_row_as_full_screen_section=\u00bbno\u00bb type=\u00bbgrid\u00bb angled_section=\u00bbno\u00bb text_align=\u00bbleft\u00bb background_image_as_pattern=\u00bbwithout_pattern\u00bb padding_top=\u00bb50&#8243; padding_bottom=\u00bb50&#8243; z_index=\u00bb\u00bb anchor=\u00bbinici\u00bb][vc_column css=\u00bb.vc_custom_1730217109106{padding-right: 20% !important;}\u00bb]<div class=\"custom_font_holder \" style=\"font-family: Roboto; font-style: normal; font-weight: 600; color: #821A19; text-decoration: none; text-align: left; --qode-cf-font-size: 20px; --qode-cf-line-height: 30px; --qode-cf-font-size-1440: 20px; --qode-cf-line-height-1440: 30px; --qode-cf-font-size-1366: 20px; --qode-cf-line-height-1366: 30px; --qode-cf-font-size-1280: 20px; --qode-cf-line-height-1280: 30px; --qode-cf-font-size-1024: 20px; --qode-cf-line-height-1024: 30px; --qode-cf-font-size-768: 20px; --qode-cf-line-height-768: 30px; --qode-cf-font-size-680: 20px; --qode-cf-line-height-680: 30px; --qode-cf-font-size-480: 20px; --qode-cf-line-height-480: 30px;\">EQUILIBRIO Y BIENESTAR A CADA PASO<\/div>[vc_empty_space height=\u00bb12px\u00bb][vc_column_text css=\u00bb\u00bb]<\/p>\n<h1>Pranam Yoga:<br \/>\nbienestar f\u00edsico y mental para todos!<\/h1>\n<p>[\/vc_column_text][vc_empty_space height=\u00bb25&#8243;][vc_column_text css=\u00bb\u00bb]Ac\u00e9rcate a la felicidad aut\u00e9ntica a trav\u00e9s del Yoga, un viaje de autoconocimiento que te conecta con tu ser interior y te gu\u00eda hacia una vida m\u00e1s calmada, consciente y equilibrada.[\/vc_column_text][vc_empty_space height=\u00bb25&#8243;]<a  itemprop=\"url\" href=\"\/cursos-classes-tallers-retirs-de-yoga\/\" target=\"_self\"  class=\"qbutton  default\" style=\"\">Explora nuestros cursos<\/a>[vc_empty_space height=\u00bb30px\u00bb][\/vc_column][\/vc_row]<\/p>\n<\/div>","protected":false},"excerpt":{"rendered":"<p>[vc_row css_animation=\u00bb\u00bb row_type=\u00bbrow\u00bb use_row_as_full_screen_section=\u00bbno\u00bb type=\u00bbgrid\u00bb angled_section=\u00bbno\u00bb text_align=\u00bbleft\u00bb background_image_as_pattern=\u00bbwithout_pattern\u00bb z_index=\u00bb\u00bb padding_top=\u00bb30&#8243;][vc_column][vc_column_text css=\u00bb\u00bb] Inicio \/\/ Tienda [\/vc_column_text][\/vc_column][\/vc_row][vc_row css_animation=\u00bb\u00bb row_type=\u00bbrow\u00bb use_row_as_full_screen_section=\u00bbno\u00bb type=\u00bbgrid\u00bb angled_section=\u00bbno\u00bb text_align=\u00bbleft\u00bb background_image_as_pattern=\u00bbwithout_pattern\u00bb padding_top=\u00bb50&#8243; padding_bottom=\u00bb50&#8243; z_index=\u00bb\u00bb anchor=\u00bbinici\u00bb][vc_column css=\u00bb.vc_custom_1730217109106{padding-right: 20% !important;}\u00bb][vc_empty_space height=\u00bb12px\u00bb][vc_column_text css=\u00bb\u00bb] Pranam Yoga: bienestar f\u00edsico y mental para todos! [\/vc_column_text][vc_empty_space height=\u00bb25&#8243;][vc_column_text css=\u00bb\u00bb]Ac\u00e9rcate a la felicidad&hellip; <a class=\"continue\" href=\"https:\/\/www.pranamyogaescola.com\/es\/catalogo\/\">CONTINUAR >><span> Cat\u00e1logo<\/span><\/a><\/p>\n","protected":false},"author":1,"featured_media":0,"parent":0,"menu_order":0,"comment_status":"closed","ping_status":"closed","template":"","meta":{"footnotes":""},"class_list":["post-899","page","type-page","status-publish","hentry"],"_links":{"self":[{"href":"https:\/\/www.pranamyogaescola.com\/es\/wp-json\/wp\/v2\/pages\/899","targetHints":{"allow":["GET"]}}],"collection":[{"href":"https:\/\/www.pranamyogaescola.com\/es\/wp-json\/wp\/v2\/pages"}],"about":[{"href":"https:\/\/www.pranamyogaescola.com\/es\/wp-json\/wp\/v2\/types\/page"}],"author":[{"embeddable":true,"href":"https:\/\/www.pranamyogaescola.com\/es\/wp-json\/wp\/v2\/users\/1"}],"replies":[{"embeddable":true,"href":"https:\/\/www.pranamyogaescola.com\/es\/wp-json\/wp\/v2\/comments?post=899"}],"version-history":[{"count":1,"href":"https:\/\/www.pranamyogaescola.com\/es\/wp-json\/wp\/v2\/pages\/899\/revisions"}],"predecessor-version":[{"id":900,"href":"https:\/\/www.pranamyogaescola.com\/es\/wp-json\/wp\/v2\/pages\/899\/revisions\/900"}],"wp:attachment":[{"href":"https:\/\/www.pranamyogaescola.com\/es\/wp-json\/wp\/v2\/media?parent=899"}],"curies":[{"name":"wp","href":"https:\/\/api.w.org\/{rel}","templated":true}]}}