{"id":906,"date":"2024-11-07T12:43:52","date_gmt":"2024-11-07T10:43:52","guid":{"rendered":"https:\/\/www.pranamyogaescola.com\/?page_id=906"},"modified":"2025-01-09T13:42:29","modified_gmt":"2025-01-09T11:42:29","slug":"declaracion-de-accesibilidad","status":"publish","type":"page","link":"https:\/\/www.pranamyogaescola.com\/es\/inicio\/declaracion-de-accesibilidad\/","title":{"rendered":"Declaraci\u00f3n de accesibilidad"},"content":{"rendered":"<div class=\"wpb-content-wrapper\"><p>[vc_row css_animation=\u00bb\u00bb row_type=\u00bbrow\u00bb use_row_as_full_screen_section=\u00bbno\u00bb type=\u00bbgrid\u00bb angled_section=\u00bbno\u00bb text_align=\u00bbleft\u00bb background_image_as_pattern=\u00bbwithout_pattern\u00bb z_index=\u00bb\u00bb][vc_column offset=\u00bbvc_hidden-xs\u00bb][vc_empty_space height=\u00bb30&#8243;][vc_column_text css=\u00bb\u00bb]<\/p>\n<p style=\"text-align: right;\"><a href=\"\/es\">Inicio<\/a> \/\/ <strong>Declaraci\u00f3n de accesibilidad<\/strong><\/p>\n<p>[\/vc_column_text][\/vc_column][\/vc_row][vc_row css_animation=\u00bb\u00bb row_type=\u00bbrow\u00bb use_row_as_full_screen_section=\u00bbno\u00bb type=\u00bbgrid\u00bb angled_section=\u00bbno\u00bb text_align=\u00bbleft\u00bb background_image_as_pattern=\u00bbwithout_pattern\u00bb z_index=\u00bb\u00bb css=\u00bb.vc_custom_1732620365478{margin-top: -60px !important;}\u00bb][vc_column offset=\u00bbvc_hidden-lg vc_hidden-md vc_hidden-sm\u00bb][vc_column_text css=\u00bb\u00bb]<\/p>\n<p style=\"text-align: right;\"><a href=\"\/es\">Inicio<\/a> \/\/ <strong>Declaraci\u00f3n de accesibilidad<\/strong><\/p>\n<p>[\/vc_column_text][\/vc_column][\/vc_row][vc_row css_animation=\u00bb\u00bb row_type=\u00bbrow\u00bb use_row_as_full_screen_section=\u00bbno\u00bb type=\u00bbgrid\u00bb angled_section=\u00bbno\u00bb text_align=\u00bbleft\u00bb background_image_as_pattern=\u00bbwithout_pattern\u00bb z_index=\u00bb\u00bb padding_top=\u00bb50&#8243; padding_bottom=\u00bb75&#8243; anchor=\u00bbinici\u00bb][vc_column][vc_column_text css=\u00bb\u00bb]<\/p>\n<h1 style=\"text-align: left;\">Declaraci\u00f3n de accesibilidad<\/h1>\n<p>[\/vc_column_text][vc_separator type=\u00bbsmall\u00bb position=\u00bbleft\u00bb color=\u00bb#000000&#8243; thickness=\u00bb2&#8243; width=\u00bb50&#8243; up=\u00bb15&#8243; down=\u00bb50&#8243;][vc_column_text css=\u00bb\u00bb]PRANAM ESCUELA DE YOGA &#8211; ROGER MORERA SERRA se ha comprometido a hacer accesible su sitio web, de conformidad con el Real decreto 1112\/2018, de 7 de septiembre, sobre accesibilidad de los sitios web y aplicaciones para dispositivos m\u00f3viles del sector p\u00fablico.<\/p>\n<p>&nbsp;<\/p>\n<p>Esta declaraci\u00f3n de accesibilidad se aplica en el sitio web https:\/\/www.pranamyogaescola.com:<\/p>\n<div class=\"vc_empty_space\">[vc_empty_space height=\u00bb60&#8243;]<\/div>\n<h2 class=\"wp-block-heading\">Situaci\u00f3n de cumplimiento<\/h2>\n<div class=\"separator small left \">[vc_separator type=\u00bbsmall\u00bb position=\u00bbleft\u00bb color=\u00bb#000000&#8243; thickness=\u00bb2&#8243; width=\u00bb100&#8243; up=\u00bb15&#8243; down=\u00bb40&#8243;]<\/div>\n<p>Este sitio web cumple con el RD 1112\/2018.<\/p>\n<div class=\"vc_empty_space\">[vc_empty_space height=\u00bb60&#8243;]<\/div>\n<h2>Preparaci\u00f3n de la presente declaraci\u00f3n de accesibilidad<\/h2>\n<div class=\"separator small left \">[vc_separator type=\u00bbsmall\u00bb position=\u00bbleft\u00bb color=\u00bb#000000&#8243; thickness=\u00bb2&#8243; width=\u00bb100&#8243; up=\u00bb15&#8243; down=\u00bb40&#8243;]<\/div>\n<p>Esta declaraci\u00f3n fue preparada el 5 de desembre de 2024<\/p>\n<p>&nbsp;<\/p>\n<p>El m\u00e9todo empleado para preparar la declaraci\u00f3n ha sido una autoevaluaci\u00f3n llevada a cabo por PRANAM ESCUELA DE YOGA &#8211; ROGER MORERA SERRA.<\/p>\n<div class=\"vc_empty_space\">[vc_empty_space height=\u00bb60&#8243;]<\/div>\n<h2>Observaciones y datos de contacto<\/h2>\n<p>[vc_separator type=\u00bbsmall\u00bb position=\u00bbleft\u00bb color=\u00bb#000000&#8243; thickness=\u00bb2&#8243; width=\u00bb100&#8243; up=\u00bb15&#8243; down=\u00bb40&#8243;]<\/p>\n<p>Puede realizar comunicaciones sobre requisitos de accesibilidad (art\u00edculo 10.2.a del RD 1112\/2018) como:<\/p>\n<p>&nbsp;<\/p>\n<p style=\"padding-left: 40px;\">\u00b7 Informar sobre cualquier posible incumplimiento por parte de este sitio web.<\/p>\n<p style=\"padding-left: 40px;\">\u00b7 Transmitir otras dificultades de acceso al contenido.<\/p>\n<p style=\"padding-left: 40px;\">\u00b7 Formular cualquier otra consulta o sugerencia de mejora relativa a la accesibilidad del sitio web.<\/p>\n<p>&nbsp;<\/p>\n<p>a trav\u00e9s del formulario de contacto de este sitio web o mediante el n\u00famero de tel\u00e9fono (+34) 630 87 10 26.<\/p>\n<p>&nbsp;<\/p>\n<p>Las quejas y reclamaciones sobre informaci\u00f3n accesible se realizar\u00e1n a trav\u00e9s de este formulario y ser\u00e1n recibidas y tratadas por PRANAM ESCUELA DE YOGA \u2013 ROGER MORERA SERRA.<\/p>\n<div class=\"vc_empty_space\">[vc_empty_space height=\u00bb60&#8243;]<\/div>\n<h2>Procedimiento de aplicaci\u00f3n<\/h2>\n<div class=\"separator small left \">[vc_separator type=\u00bbsmall\u00bb position=\u00bbleft\u00bb color=\u00bb#000000&#8243; thickness=\u00bb2&#8243; width=\u00bb100&#8243; up=\u00bb15&#8243; down=\u00bb40&#8243;]<\/div>\n<p>Si una vez hecha una solicitud de informaci\u00f3n accesible o queja, \u00e9sta ha sido desestimada, no se estuviera de acuerdo con la decisi\u00f3n adoptada, o la respuesta no cumpliera los requisitos previstos en el art\u00edculo 12.5, la persona interesada puede iniciar una reclamaci\u00f3n. Igualmente, podr\u00e1 iniciarse una reclamaci\u00f3n en caso de que haya transcurrido el plazo de veinte d\u00edas h\u00e1biles sin haber obtenido respuesta.<\/p>\n<p>&nbsp;<\/p>\n<p>La reclamaci\u00f3n puede ser presentada a trav\u00e9s de info@pranamyogaescola.com as\u00ed como en el resto de opciones recogidas en la Ley 39\/2015, de 1 de octubre, del Procedimiento Administrativo Com\u00fan de las administraciones p\u00fablicas.<\/p>\n<p>&nbsp;<\/p>\n<p>Las reclamaciones ser\u00e1n recibidas y tratadas por PRANAM ESCUELA DE YOGA \u2013 ROGER MORERA SERRA.<\/p>\n<div class=\"vc_empty_space\">[vc_empty_space height=\u00bb60&#8243;]<\/div>\n<h2>Contenido opcional<\/h2>\n<div class=\"separator small left \">[vc_separator type=\u00bbsmall\u00bb position=\u00bbleft\u00bb color=\u00bb#000000&#8243; thickness=\u00bb2&#8243; width=\u00bb100&#8243; up=\u00bb15&#8243; down=\u00bb40&#8243;]<\/div>\n<p>Este portal est\u00e1 dise\u00f1ado para cambiar el tama\u00f1o del texto y el color, as\u00ed como el fondo de la p\u00e1gina mediante las opciones de configuraci\u00f3n est\u00e1ndar de los navegadores.<\/p>\n<p>&nbsp;<\/p>\n<p>Si desea cambiar el tama\u00f1o de letra del texto en los principales navegadores gr\u00e1ficos utilice los siguientes men\u00fas:<\/p>\n<p style=\"padding-left: 40px;\">\u00b7 Internet Explorer, Mozilla y Firefox: Ver &gt; Tama\u00f1o del texto<\/p>\n<p style=\"padding-left: 40px;\">\u00b7 Opera: Ver &gt; Zoom<\/p>\n<p style=\"padding-left: 40px;\">\u00b7 Safari: Ver &gt; Hacer el texto mayor<\/p>\n<p style=\"padding-left: 40px;\">\u00b7 Chrome: Controla la p\u00e1gina actual &gt; Tama\u00f1o del texto<\/p>\n<p style=\"padding-left: 40px;\">\u00b7 Para modificar el tama\u00f1o de todo en la p\u00e1gina:<\/p>\n<p style=\"padding-left: 80px;\">\u00b7 Ctrl + + para aumentarlo<\/p>\n<p style=\"padding-left: 80px;\">\u00b7 Ctrl + \u2013 para disminuirlo<\/p>\n<p style=\"padding-left: 80px;\">\u00b7 Ctrl + 0 restaura el tama\u00f1o original del texto<\/p>\n<p style=\"padding-left: 80px;\">\u00b7 Si lo que desea es anular la hoja de estilos o modificar el color del texto, puede consultar la p\u00e1gina How to Change Text Size or Colores de la WAI, que se puede leer traducido al espa\u00f1ol en \u00bfC\u00f3mo cambiar el tama\u00f1o del texto o colores?<\/p>\n<p>[\/vc_column_text][\/vc_column][\/vc_row]<\/p>\n<\/div>","protected":false},"excerpt":{"rendered":"<p>[vc_row css_animation=\u00bb\u00bb row_type=\u00bbrow\u00bb use_row_as_full_screen_section=\u00bbno\u00bb type=\u00bbgrid\u00bb angled_section=\u00bbno\u00bb text_align=\u00bbleft\u00bb background_image_as_pattern=\u00bbwithout_pattern\u00bb z_index=\u00bb\u00bb][vc_column offset=\u00bbvc_hidden-xs\u00bb][vc_empty_space height=\u00bb30&#8243;][vc_column_text css=\u00bb\u00bb] Inicio \/\/ Declaraci\u00f3n de accesibilidad [\/vc_column_text][\/vc_column][\/vc_row][vc_row css_animation=\u00bb\u00bb row_type=\u00bbrow\u00bb use_row_as_full_screen_section=\u00bbno\u00bb type=\u00bbgrid\u00bb angled_section=\u00bbno\u00bb text_align=\u00bbleft\u00bb background_image_as_pattern=\u00bbwithout_pattern\u00bb z_index=\u00bb\u00bb css=\u00bb.vc_custom_1732620365478{margin-top: -60px !important;}\u00bb][vc_column offset=\u00bbvc_hidden-lg vc_hidden-md vc_hidden-sm\u00bb][vc_column_text css=\u00bb\u00bb] Inicio \/\/ Declaraci\u00f3n de accesibilidad [\/vc_column_text][\/vc_column][\/vc_row][vc_row css_animation=\u00bb\u00bb row_type=\u00bbrow\u00bb use_row_as_full_screen_section=\u00bbno\u00bb type=\u00bbgrid\u00bb angled_section=\u00bbno\u00bb text_align=\u00bbleft\u00bb&hellip; <a class=\"continue\" href=\"https:\/\/www.pranamyogaescola.com\/es\/inicio\/declaracion-de-accesibilidad\/\">CONTINUAR >><span> Declaraci\u00f3n de accesibilidad<\/span><\/a><\/p>\n","protected":false},"author":1,"featured_media":0,"parent":853,"menu_order":0,"comment_status":"closed","ping_status":"open","template":"","meta":{"footnotes":""},"class_list":["post-906","page","type-page","status-publish","hentry"],"_links":{"self":[{"href":"https:\/\/www.pranamyogaescola.com\/es\/wp-json\/wp\/v2\/pages\/906","targetHints":{"allow":["GET"]}}],"collection":[{"href":"https:\/\/www.pranamyogaescola.com\/es\/wp-json\/wp\/v2\/pages"}],"about":[{"href":"https:\/\/www.pranamyogaescola.com\/es\/wp-json\/wp\/v2\/types\/page"}],"author":[{"embeddable":true,"href":"https:\/\/www.pranamyogaescola.com\/es\/wp-json\/wp\/v2\/users\/1"}],"replies":[{"embeddable":true,"href":"https:\/\/www.pranamyogaescola.com\/es\/wp-json\/wp\/v2\/comments?post=906"}],"version-history":[{"count":2,"href":"https:\/\/www.pranamyogaescola.com\/es\/wp-json\/wp\/v2\/pages\/906\/revisions"}],"predecessor-version":[{"id":909,"href":"https:\/\/www.pranamyogaescola.com\/es\/wp-json\/wp\/v2\/pages\/906\/revisions\/909"}],"up":[{"embeddable":true,"href":"https:\/\/www.pranamyogaescola.com\/es\/wp-json\/wp\/v2\/pages\/853"}],"wp:attachment":[{"href":"https:\/\/www.pranamyogaescola.com\/es\/wp-json\/wp\/v2\/media?parent=906"}],"curies":[{"name":"wp","href":"https:\/\/api.w.org\/{rel}","templated":true}]}}