{"id":868,"date":"2024-11-19T19:46:39","date_gmt":"2024-11-19T17:46:39","guid":{"rendered":"https:\/\/www.pranamyogaescola.com\/?post_type=product&#038;p=868"},"modified":"2024-12-04T20:14:33","modified_gmt":"2024-12-04T18:14:33","slug":"taller-filosofia-y-practica-del-yoga","status":"publish","type":"product","link":"https:\/\/www.pranamyogaescola.com\/es\/producte\/taller-filosofia-y-practica-del-yoga\/","title":{"rendered":"Taller Filosof\u00eda y pr\u00e1ctica del Yoga"},"content":{"rendered":"","protected":false},"excerpt":{"rendered":"<p>El pr\u00f3ximo domingo 1 de diciembre compartimos una nueva jornada de yoga y filosof\u00eda en Yoganur de Ripoll.<\/p>\n<p>&nbsp;<\/p>\n<p>Iniciaremos el encuentro con una pr\u00e1ctica consciente de yoga \u00e1sana (postura f\u00edsica) poniendo atenci\u00f3n al estado mental que se cultiva. Seguidamente, una pausa con infusiones y algo para el desayuno. Terminaremos con una exposici\u00f3n te\u00f3rica basada en la filosof\u00eda original del Yoga, que nos llevar\u00e1 a indagar sobre el enfoque de la pr\u00e1ctica y de la vida misma, para que nos acerque a reconocer nuestra esencia.<\/p>\n<p>&nbsp;<\/p>\n<p>La propuesta est\u00e1 abierta a todos los niveles, incluso para quien nunca haya practicado yoga.<\/p>\n<p>&nbsp;<\/p>\n<p><strong>HORARIO:<\/strong><\/p>\n<ul>\n<li style=\"list-style-type: none;\">\n<ul>\n<li style=\"list-style-type: none;\">\n<ul>\n<li>10h. Pr\u00e1ctica de yoga.<\/li>\n<li>11.30h. Significado, prop\u00f3sito, filosof\u00eda y cosmovisi\u00f3n del yoga.<\/li>\n<\/ul>\n<\/li>\n<\/ul>\n<\/li>\n<\/ul>\n<p>&nbsp;<\/p>\n<p><strong>DATOS DEL TALLER:<\/strong><\/p>\n<ul>\n<li style=\"list-style-type: none;\">\n<ul>\n<li style=\"list-style-type: none;\">\n<ul>\n<li><strong>Fecha:<\/strong> domingo 1 de diciembre.<\/li>\n<li><strong>Duraci\u00f3n:<\/strong> de 10 a 12:30 h.<\/li>\n<li><strong>Precio:<\/strong> 27\u20ac (desayuno incluido).<\/li>\n<li><strong>Lugar:<\/strong> Yoganur (Paseo Maestro Guich, 15 Ripoll).<\/li>\n<\/ul>\n<\/li>\n<\/ul>\n<\/li>\n<\/ul>\n<p>&nbsp;<\/p>\n<div class=\"wp-block-image\"><img loading=\"lazy\" decoding=\"async\" class=\"wpa-warning wpa-image-missing-alt alignnone wp-image-844\" src=\"https:\/\/www.pranamyogaescola.com\/wp-content\/uploads\/2024\/11\/pranam-yoga-botiga-2024-taller-filosofia-i-practica-del-yoga-300x300.jpg\" alt=\"\" width=\"500\" height=\"500\" data-warning=\"Missing alt text\" srcset=\"https:\/\/www.pranamyogaescola.com\/wp-content\/uploads\/2024\/11\/pranam-yoga-botiga-2024-taller-filosofia-i-practica-del-yoga-300x300.jpg 300w, https:\/\/www.pranamyogaescola.com\/wp-content\/uploads\/2024\/11\/pranam-yoga-botiga-2024-taller-filosofia-i-practica-del-yoga-150x150.jpg 150w, https:\/\/www.pranamyogaescola.com\/wp-content\/uploads\/2024\/11\/pranam-yoga-botiga-2024-taller-filosofia-i-practica-del-yoga-768x768.jpg 768w, https:\/\/www.pranamyogaescola.com\/wp-content\/uploads\/2024\/11\/pranam-yoga-botiga-2024-taller-filosofia-i-practica-del-yoga-570x570.jpg 570w, https:\/\/www.pranamyogaescola.com\/wp-content\/uploads\/2024\/11\/pranam-yoga-botiga-2024-taller-filosofia-i-practica-del-yoga-500x500.jpg 500w, https:\/\/www.pranamyogaescola.com\/wp-content\/uploads\/2024\/11\/pranam-yoga-botiga-2024-taller-filosofia-i-practica-del-yoga-700x700.jpg 700w, https:\/\/www.pranamyogaescola.com\/wp-content\/uploads\/2024\/11\/pranam-yoga-botiga-2024-taller-filosofia-i-practica-del-yoga-400x400.jpg 400w, https:\/\/www.pranamyogaescola.com\/wp-content\/uploads\/2024\/11\/pranam-yoga-botiga-2024-taller-filosofia-i-practica-del-yoga-600x600.jpg 600w, https:\/\/www.pranamyogaescola.com\/wp-content\/uploads\/2024\/11\/pranam-yoga-botiga-2024-taller-filosofia-i-practica-del-yoga-100x100.jpg 100w, https:\/\/www.pranamyogaescola.com\/wp-content\/uploads\/2024\/11\/pranam-yoga-botiga-2024-taller-filosofia-i-practica-del-yoga.jpg 800w\" sizes=\"auto, (max-width: 500px) 100vw, 500px\" \/><\/div>\n<p> <a class=\"continue\" href=\"https:\/\/www.pranamyogaescola.com\/es\/producte\/taller-filosofia-y-practica-del-yoga\/\">CONTINUAR >><span> Taller Filosof\u00eda y pr\u00e1ctica del Yoga<\/span><\/a><\/p>\n","protected":false},"featured_media":691,"comment_status":"open","ping_status":"closed","template":"","meta":[],"product_brand":[],"product_cat":[22],"product_tag":[],"class_list":{"0":"post-868","1":"product","2":"type-product","3":"status-publish","4":"has-post-thumbnail","6":"product_cat-sense-categoria","8":"first","9":"instock","10":"virtual","11":"taxable","12":"purchasable","13":"product-type-simple"},"_links":{"self":[{"href":"https:\/\/www.pranamyogaescola.com\/es\/wp-json\/wp\/v2\/product\/868","targetHints":{"allow":["GET"]}}],"collection":[{"href":"https:\/\/www.pranamyogaescola.com\/es\/wp-json\/wp\/v2\/product"}],"about":[{"href":"https:\/\/www.pranamyogaescola.com\/es\/wp-json\/wp\/v2\/types\/product"}],"replies":[{"embeddable":true,"href":"https:\/\/www.pranamyogaescola.com\/es\/wp-json\/wp\/v2\/comments?post=868"}],"wp:featuredmedia":[{"embeddable":true,"href":"https:\/\/www.pranamyogaescola.com\/es\/wp-json\/wp\/v2\/media\/691"}],"wp:attachment":[{"href":"https:\/\/www.pranamyogaescola.com\/es\/wp-json\/wp\/v2\/media?parent=868"}],"wp:term":[{"taxonomy":"product_brand","embeddable":true,"href":"https:\/\/www.pranamyogaescola.com\/es\/wp-json\/wp\/v2\/product_brand?post=868"},{"taxonomy":"product_cat","embeddable":true,"href":"https:\/\/www.pranamyogaescola.com\/es\/wp-json\/wp\/v2\/product_cat?post=868"},{"taxonomy":"product_tag","embeddable":true,"href":"https:\/\/www.pranamyogaescola.com\/es\/wp-json\/wp\/v2\/product_tag?post=868"}],"curies":[{"name":"wp","href":"https:\/\/api.w.org\/{rel}","templated":true}]}}