{"id":872,"date":"2024-11-11T13:18:21","date_gmt":"2024-11-11T11:18:21","guid":{"rendered":"https:\/\/www.pranamyogaescola.com\/?post_type=product&#038;p=872"},"modified":"2024-12-04T20:14:53","modified_gmt":"2024-12-04T18:14:53","slug":"retiro-de-yoga-mayo-de-2025","status":"publish","type":"product","link":"https:\/\/www.pranamyogaescola.com\/es\/producte\/retiro-de-yoga-mayo-de-2025\/","title":{"rendered":"Retiro de Yoga (mayo de 2025)"},"content":{"rendered":"","protected":false},"excerpt":{"rendered":"<p><strong>FECHAS RETIRO:<\/strong> 23-24-25 de mayo de 2025, en la mas\u00eda Portavella del Ripoll\u00e8s.<\/p>\n<p><strong>IMPORTANTE: Este precio es por reservas antes del 28 de febrero.<\/strong><\/p>\n<p>&nbsp;<\/p>\n<p>Te presentamos la propuesta de receso de yoga y conciencia para mayo de 2025, unos d\u00edas para sentirte en plena conexi\u00f3n con tu estado interior de calma y plenitud.<\/p>\n<p>&nbsp;<\/p>\n<p>El receso se realizar\u00e1 en la mas\u00eda \u201cPortavella\u201d, situada en el t\u00e9rmino municipal de Les Llosses (Ripoll\u00e8s). La casa est\u00e1 ubicada en plena naturaleza, y est\u00e1 adaptada para encuentros grupales como \u00e9ste.<\/p>\n<p>&nbsp;<\/p>\n<p>Puedes participar, tanto si eres practicante de yoga habitual o conoces algunas de las ense\u00f1anzas de su ancestral filosof\u00eda, como si es para ti el primer contacto con esta milenaria pr\u00e1ctica para despertar al conocimiento de la vida. Todo el mundo es bienvenido. Lo que impulse tu motivaci\u00f3n a participar, ser\u00e1 seguro un buen motivo para dedicarte un fin de semana de exploraci\u00f3n, claridad y calma en ti mismo\/a.<\/p>\n<p>&nbsp;<\/p>\n<p>[button target=\"_blank\" hover_type=\"default\" text=\"M\u00e1s informaci\u00f3n\" link=\"\/wp-content\/uploads\/2024\/11\/2025-retir-yoga-maig.pdf\"] <a class=\"continue\" href=\"https:\/\/www.pranamyogaescola.com\/es\/producte\/retiro-de-yoga-mayo-de-2025\/\">CONTINUAR >><span> Retiro de Yoga (mayo de 2025)<\/span><\/a><\/p>\n","protected":false},"featured_media":851,"comment_status":"open","ping_status":"closed","template":"","meta":[],"product_brand":[],"product_cat":[22],"product_tag":[],"class_list":{"0":"post-872","1":"product","2":"type-product","3":"status-publish","4":"has-post-thumbnail","6":"product_cat-sense-categoria","8":"first","9":"instock","10":"virtual","11":"taxable","12":"purchasable","13":"product-type-simple"},"_links":{"self":[{"href":"https:\/\/www.pranamyogaescola.com\/es\/wp-json\/wp\/v2\/product\/872","targetHints":{"allow":["GET"]}}],"collection":[{"href":"https:\/\/www.pranamyogaescola.com\/es\/wp-json\/wp\/v2\/product"}],"about":[{"href":"https:\/\/www.pranamyogaescola.com\/es\/wp-json\/wp\/v2\/types\/product"}],"replies":[{"embeddable":true,"href":"https:\/\/www.pranamyogaescola.com\/es\/wp-json\/wp\/v2\/comments?post=872"}],"wp:featuredmedia":[{"embeddable":true,"href":"https:\/\/www.pranamyogaescola.com\/es\/wp-json\/wp\/v2\/media\/851"}],"wp:attachment":[{"href":"https:\/\/www.pranamyogaescola.com\/es\/wp-json\/wp\/v2\/media?parent=872"}],"wp:term":[{"taxonomy":"product_brand","embeddable":true,"href":"https:\/\/www.pranamyogaescola.com\/es\/wp-json\/wp\/v2\/product_brand?post=872"},{"taxonomy":"product_cat","embeddable":true,"href":"https:\/\/www.pranamyogaescola.com\/es\/wp-json\/wp\/v2\/product_cat?post=872"},{"taxonomy":"product_tag","embeddable":true,"href":"https:\/\/www.pranamyogaescola.com\/es\/wp-json\/wp\/v2\/product_tag?post=872"}],"curies":[{"name":"wp","href":"https:\/\/api.w.org\/{rel}","templated":true}]}}