{"id":874,"date":"2024-11-11T13:12:43","date_gmt":"2024-11-11T11:12:43","guid":{"rendered":"https:\/\/www.pranamyogaescola.com\/?post_type=product&#038;p=874"},"modified":"2024-12-04T20:15:13","modified_gmt":"2024-12-04T18:15:13","slug":"formacion-de-yoga-tradicional","status":"publish","type":"product","link":"https:\/\/www.pranamyogaescola.com\/es\/producte\/formacion-de-yoga-tradicional\/","title":{"rendered":"Formaci\u00f3n de Yoga tradicional"},"content":{"rendered":"","protected":false},"excerpt":{"rendered":"<p><strong>Precio:<\/strong> 395\u20ac (inscripci\u00f3n) + 142\u20ac\/bloque formativo + 280\u20ac (Retiro final de Yoga)<br \/>\n(ver detalle de precios en el dossier PDF que acompa\u00f1a al curso)<\/p>\n<p><strong>Duraci\u00f3n:<\/strong> 200h.<\/p>\n<p>&nbsp;<\/p>\n<p>Las formaciones de Yoga son cursos formativos con reconocimiento acad\u00e9mico. Est\u00e1n reguladas por las bases legales sobre la instrucci\u00f3n en Yoga de la Generalidad de Catalu\u00f1a. Y ofrecen una profundizaci\u00f3n en las bases del Yoga tradicional y todas sus t\u00e9cnicas. Est\u00e1n destinadas a la transformaci\u00f3n y conocimiento personal, pero tambi\u00e9n son los primeros pasos para convertirse en profesor\/a de Yoga. En este sentido, las formaciones otorgan una titulaci\u00f3n oficial reconocida por los procesos acreditativos de certificaci\u00f3n profesional de la Generalidad de Catalu\u00f1a.<\/p>\n<p>&nbsp;<\/p>\n<p>Cont\u00e1ctanos para solicitar el dossier informativo que hemos preparado para conocer todos los detalles de la formaci\u00f3n de Yoga. <a class=\"continue\" href=\"https:\/\/www.pranamyogaescola.com\/es\/producte\/formacion-de-yoga-tradicional\/\">CONTINUAR >><span> Formaci\u00f3n de Yoga tradicional<\/span><\/a><\/p>\n","protected":false},"featured_media":656,"comment_status":"open","ping_status":"closed","template":"","meta":[],"product_brand":[],"product_cat":[22],"product_tag":[],"class_list":{"0":"post-874","1":"product","2":"type-product","3":"status-publish","4":"has-post-thumbnail","6":"product_cat-sense-categoria","8":"first","9":"instock","10":"virtual","11":"taxable","12":"purchasable","13":"product-type-simple"},"_links":{"self":[{"href":"https:\/\/www.pranamyogaescola.com\/es\/wp-json\/wp\/v2\/product\/874","targetHints":{"allow":["GET"]}}],"collection":[{"href":"https:\/\/www.pranamyogaescola.com\/es\/wp-json\/wp\/v2\/product"}],"about":[{"href":"https:\/\/www.pranamyogaescola.com\/es\/wp-json\/wp\/v2\/types\/product"}],"replies":[{"embeddable":true,"href":"https:\/\/www.pranamyogaescola.com\/es\/wp-json\/wp\/v2\/comments?post=874"}],"wp:featuredmedia":[{"embeddable":true,"href":"https:\/\/www.pranamyogaescola.com\/es\/wp-json\/wp\/v2\/media\/656"}],"wp:attachment":[{"href":"https:\/\/www.pranamyogaescola.com\/es\/wp-json\/wp\/v2\/media?parent=874"}],"wp:term":[{"taxonomy":"product_brand","embeddable":true,"href":"https:\/\/www.pranamyogaescola.com\/es\/wp-json\/wp\/v2\/product_brand?post=874"},{"taxonomy":"product_cat","embeddable":true,"href":"https:\/\/www.pranamyogaescola.com\/es\/wp-json\/wp\/v2\/product_cat?post=874"},{"taxonomy":"product_tag","embeddable":true,"href":"https:\/\/www.pranamyogaescola.com\/es\/wp-json\/wp\/v2\/product_tag?post=874"}],"curies":[{"name":"wp","href":"https:\/\/api.w.org\/{rel}","templated":true}]}}