{"id":876,"date":"2024-11-07T13:56:13","date_gmt":"2024-11-07T11:56:13","guid":{"rendered":"https:\/\/www.pranamyogaescola.com\/?post_type=product&#038;p=876"},"modified":"2024-12-04T20:12:33","modified_gmt":"2024-12-04T18:12:33","slug":"curso-filosofia-del-yoga-la-bhagavad-gita","status":"publish","type":"product","link":"https:\/\/www.pranamyogaescola.com\/es\/producte\/curso-filosofia-del-yoga-la-bhagavad-gita\/","title":{"rendered":"Curso Filosof\u00eda del Yoga: La Bhagavad G\u012bta"},"content":{"rendered":"","protected":false},"excerpt":{"rendered":"<p>Curso de la filosof\u00eda del Yoga siguiendo las ense\u00f1anzas de la Bhagavad G\u012bta. En este curso seguimos la historia que Krishna y Arjuna nos ofrecen para conocer de forma profunda, pero clara, las ense\u00f1anzas que se describen. A partir de un escenario de guerra, en la \u00e9poca antigua de la India, el gran sabio y representante de la sabidur\u00eda divina, Krishna, gu\u00eda al guerrero Arjuna en un momento clave por el pueblo, pero tambi\u00e9n por s\u00ed mismo y el suyo autoconocimiento interior.<\/p>\n<p>&nbsp;<\/p>\n<p>El curso est\u00e1 dividido en 7 sesiones, grabadas en v\u00eddeo y acompa\u00f1adas de una presentaci\u00f3n que permite una integraci\u00f3n visual de su contenido mucho m\u00e1s cercana. Tambi\u00e9n se ofrece el contenido de cada m\u00f3dulo por escrito en forma de resumen.<\/p>\n<p>&nbsp;<\/p>\n<p>Puede cursarse a tu propio ritmo. Pero tiene una duraci\u00f3n m\u00e1xima de 8 meses. Al finalizar cada m\u00f3dulo, podr\u00e1s realizar un cuestionario, que ser\u00e1 usado para otorgar el t\u00edtulo.<\/p>\n<p>&nbsp;<\/p>\n<p>Cuando se hayan completado todos los m\u00f3dulos, podr\u00e1 obtener el t\u00edtulo que reconoce la superaci\u00f3n del curso de Filosof\u00eda del Yoga: La Bhagavad G\u012bta. <a class=\"continue\" href=\"https:\/\/www.pranamyogaescola.com\/es\/producte\/curso-filosofia-del-yoga-la-bhagavad-gita\/\">CONTINUAR >><span> Curso Filosof\u00eda del Yoga: La Bhagavad G\u012bta<\/span><\/a><\/p>\n","protected":false},"featured_media":676,"comment_status":"open","ping_status":"closed","template":"","meta":[],"product_brand":[],"product_cat":[22],"product_tag":[],"class_list":{"0":"post-876","1":"product","2":"type-product","3":"status-publish","4":"has-post-thumbnail","6":"product_cat-sense-categoria","8":"first","9":"instock","10":"downloadable","11":"virtual","12":"taxable","13":"purchasable","14":"product-type-simple"},"_links":{"self":[{"href":"https:\/\/www.pranamyogaescola.com\/es\/wp-json\/wp\/v2\/product\/876","targetHints":{"allow":["GET"]}}],"collection":[{"href":"https:\/\/www.pranamyogaescola.com\/es\/wp-json\/wp\/v2\/product"}],"about":[{"href":"https:\/\/www.pranamyogaescola.com\/es\/wp-json\/wp\/v2\/types\/product"}],"replies":[{"embeddable":true,"href":"https:\/\/www.pranamyogaescola.com\/es\/wp-json\/wp\/v2\/comments?post=876"}],"wp:featuredmedia":[{"embeddable":true,"href":"https:\/\/www.pranamyogaescola.com\/es\/wp-json\/wp\/v2\/media\/676"}],"wp:attachment":[{"href":"https:\/\/www.pranamyogaescola.com\/es\/wp-json\/wp\/v2\/media?parent=876"}],"wp:term":[{"taxonomy":"product_brand","embeddable":true,"href":"https:\/\/www.pranamyogaescola.com\/es\/wp-json\/wp\/v2\/product_brand?post=876"},{"taxonomy":"product_cat","embeddable":true,"href":"https:\/\/www.pranamyogaescola.com\/es\/wp-json\/wp\/v2\/product_cat?post=876"},{"taxonomy":"product_tag","embeddable":true,"href":"https:\/\/www.pranamyogaescola.com\/es\/wp-json\/wp\/v2\/product_tag?post=876"}],"curies":[{"name":"wp","href":"https:\/\/api.w.org\/{rel}","templated":true}]}}